{"id":5,"date":"2020-04-28T11:45:26","date_gmt":"2020-04-28T11:45:26","guid":{"rendered":"http:\/\/kopp-music.de\/?page_id=5"},"modified":"2026-04-10T19:46:23","modified_gmt":"2026-04-10T19:46:23","slug":"juergens-musikseite","status":"publish","type":"page","link":"https:\/\/kopp-music.de\/","title":{"rendered":"J\u00fcrgen Kopp &#8211; Lieder mit Charakter"},"content":{"rendered":"\n<p>J\u00fcrgens Musik ist authentisch und passt nicht in eine Schublade, zumindest nicht in eine einzige. Bewegende Gitarrenmelodien, spannende Arrangements, verschiedenen Genres zugewandt<a name=\"aktuell\"><\/a>. Seit \u00fcber 20 Jahren wirkt der in Stuttgart geborene Gitarrist in S\u00fcdhessen, er hat \u00fcber 80 Lieder geschrieben und ver\u00f6ffentlicht. <\/p>\n\n\n\n<div class=\"wp-block-columns is-layout-flex wp-container-core-columns-is-layout-9d6595d7 wp-block-columns-is-layout-flex\">\n<div class=\"wp-block-column is-layout-flow wp-block-column-is-layout-flow\">\n<p><a href=\"https:\/\/kopp-music.de#aktuell\" data-wplink-url-error=\"true\">Aktuell<\/a><br \/><a href=\"https:\/\/kopp-music.de\/?page_id=11\">Alle CDs<\/a><br \/><a href=\"https:\/\/kopp-music.de\/?page_id=18\">Songs anh\u00f6ren<\/a><br \/><a href=\"https:\/\/kopp-music.de\/?page_id=51\">Songtexte<\/a><\/p>\n<\/div>\n\n\n\n<div class=\"wp-block-column is-layout-flow wp-block-column-is-layout-flow\">\n<p><a href=\"https:\/\/kopp-music.de\/?page_id=31\">Kontakt<\/a><br \/><a href=\"https:\/\/kopp-music.de\/?page_id=21\">\u00dcber J\u00fcrgen<\/a><br \/><a href=\"https:\/\/kopp-music.de\/?page_id=23\">Fotogalerie<\/a>&nbsp;\/ <a href=\"https:\/\/kopp-music.de\/?page_id=29\">Clips<\/a><br \/><a href=\"https:\/\/kopp-music.de\/?page_id=27\">Blog<\/a><\/p>\n<\/div>\n\n\n\n<div class=\"wp-block-column is-layout-flow wp-block-column-is-layout-flow\">\n<p><a href=\"https:\/\/kopp-music.de\/?page_id=1822\">Bestell-Bar<\/a><br \/><a href=\"https:\/\/kopp-music.de\/?page_id=25\">J\u00fcrgens Malerei<\/a><br \/><a href=\"https:\/\/kopp-music.de\/?page_id=31#impressum\">Impressum<\/a> \/ <a href=\"https:\/\/kopp-music.de\/?page_id=31#datenschutz\">Datenschutz<\/a><br \/><a href=\"https:\/\/kopp-music.de\/?page_id=335\">english<\/a> \/ <a href=\"https:\/\/kopp-music.de\/?page_id=255\">francais<\/a><\/p>\n<\/div>\n<\/div>\n\n\n\n<p class=\"has-text-align-left\">Kontakt \u00fcber <a href=\"mailto:contact@kopp-music.de?\">contact@kopp-music.de<\/a><\/p>\n\n\n\n<p class=\"has-text-align-left\"><\/p>\n\n\n\n<figure class=\"wp-block-image size-large\"><img loading=\"lazy\" decoding=\"async\" width=\"1024\" height=\"236\" src=\"https:\/\/kopp-music.de\/wp-content\/uploads\/3FotosScharf-1024x236.jpg\" alt=\"\" class=\"wp-image-2187\" srcset=\"https:\/\/kopp-music.de\/wp-content\/uploads\/3FotosScharf-1024x236.jpg 1024w, https:\/\/kopp-music.de\/wp-content\/uploads\/3FotosScharf-300x69.jpg 300w, https:\/\/kopp-music.de\/wp-content\/uploads\/3FotosScharf-768x177.jpg 768w, https:\/\/kopp-music.de\/wp-content\/uploads\/3FotosScharf.jpg 1432w\" sizes=\"auto, (max-width: 767px) 89vw, (max-width: 1000px) 54vw, (max-width: 1071px) 543px, 580px\" \/><\/figure>\n\n\n\n<h1 class=\"wp-block-heading\">Aktuell<\/h1>\n\n\n<h1><strong><span style=\"color: #ff0000;\">25 Jahre kopp-music.de !<\/span><\/strong><br \/><span style=\"color: #000000;\">Zum Jubil\u00e4um alles um 25 Prozent reduziert, Aktion bis zum 15.5.2026, siehe <a href=\"https:\/\/kopp-music.de\/?page_id=1822\" target=\"_blank\" rel=\"noopener\">Bestellbar<\/a>.<\/span><\/h1>\n\n\n<p>25 Jahre kopp-music.de! Ich danke allen, die meine Musik unterst\u00fctzen, die mit mir spielen oder singen, die mir schreiben und interessiert sind&#8230; Genie\u00dft das Leben, den Tag, die Musik! Und wenn euer Leben mal nicht harmonisch verl\u00e4uft, denkt dran, dass ein paar Blue Notes sehr bereichernd sein k\u00f6nnen&#8230;<\/p>\n\n\n\n<figure class=\"wp-block-audio\"><audio controls src=\"https:\/\/kopp-music.de\/wp-content\/uploads\/juergen-kopp_il-faut-etre-philosophe.wav\"><\/audio><\/figure>\n\n\n<p><strong>Mein Lied f\u00fcr 2026<\/strong>: J\u00fcrgen Kopp &#8211; Il faut etre philosophe (zu deutsch: Man muss gelassen bleiben). Etwas Gelassenheit tut uns gut in der heutigen Zeit&#8230;\u00a0<br \/>Brandneue Aufnahme (c) 12\/2025 <a href=\"https:\/\/kopp-music.de\/?page_id=51#philosophe\">Text und \u00dcbersetzung ins Deutsche<\/a><\/p>\n<p><strong>Das gro\u00dfe Songbook ist da:<\/strong> Es bietet alle 78 Lieder aus den ersten 7 Alben mit Texten und Gitarrenakkorden. Erstmals alles in einem Buch, mehr Infos in der <a href=\"https:\/\/kopp-music.de\/?page_id=1822#Songbook\" target=\"_blank\" rel=\"noreferrer noopener\" data-type=\"page\" data-id=\"1822\">Bestell-Bar<\/a>.<\/p>\n\n\n<p><strong>Das aktuelle Album &#8218;Catch the sun&#8216;:<\/strong> J\u00fcrgens siebstes Album mit 13 neuen Songs, abwechslungsreich und eing\u00e4ngig &nbsp; <a href=\"https:\/\/kopp-music.de\/?page_id=11#albumcatch\">&gt;&gt; mehr Infos zum Album<\/a><\/p>\n\n\n\n<p><strong>CD mit Alternativversionen:<\/strong> Von J\u00fcrgens Songs gibt es verschiedene Aufnahmen und stets hat es nur eine auf das jeweilige Originalalbum geschafft, hier sind fast 80 Minuten Alternativen <a href=\"https:\/\/kopp-music.de\/?page_id=11#albumeinzelstuecke\" data-type=\"page\">&gt;&gt; mehr Infos zum Album<\/a><\/p>\n\n\n\n<p><strong>J\u00fcrgens Musik auf den Punkt gebracht.<\/strong> \u00dcber Charakteristik, Musikstil, Genre, Texte, Alben, Technik, Wurzeln &#8230; (<a href=\"https:\/\/kopp-music.de\/?page_id=1303\" target=\"_blank\" rel=\"noopener\">weiterlesen<\/a>)<\/p>\n\n\n\n<p><strong>Immer nur weiter so?<\/strong> Zum Umgang der Menschen mit der Erde hat J\u00fcrgen auf dem letzten Album zwei Lieder geschrieben, hier zu h\u00f6ren: <a href=\"https:\/\/youtu.be\/EnYaDPIo_9E\" target=\"_blank\" rel=\"noopener\">Krone der Sch\u00f6pfung<\/a> und <a href=\"https:\/\/youtu.be\/RDeoVHkHHNw\" target=\"_blank\" rel=\"noopener\">Die Erde und der Mensch<\/a><\/p>\n\n\n\n<p><strong>Angebot: Individuelles Coaching. <\/strong>Du willst eigene Songs schreiben und kommst nicht recht weiter? Du brauchst einen kreativen Schub oder fachlichen Input? Dann lasse dich von J\u00fcrgen coachen, einfach per mail anfragen. <\/p>\n\n\n\n<p><strong>Projekt: Modautaler Musikmomente<\/strong>. J\u00fcrgen war Teil des Projektorchesters und hat bei den Aufnahmen Bass gespielt, zu h\u00f6ren und zu sehen hier bei youtube: <a href=\"https:\/\/youtu.be\/WMx2xWKyiw4\">https:\/\/youtu.be\/WMx2xWKyiw4<\/a><\/p>\n\n\n<p><strong>Termine<\/strong>: Zur Zeit hat J\u00fcrgen keine Band, es sind keine Live-Auftritte vorgesehen. Er ist aktuell als Studiomusiker aktiv, produziert Songs, beteiligt sich an Projekten und ver\u00f6ffentlicht Musikalben.<\/p>\n<p><strong>J\u00fcrgens Instrumente:<\/strong> H\u00e4ufig spielt J\u00fcrgen auf seinen Aufnahmen alle Instrumente selbst. Das Equipement&#8230; (<a href=\"https:\/\/kopp-music.de\/?page_id=2223\" target=\"_blank\" rel=\"noopener\">weiterlesen<\/a>)<\/p>\n<p><strong>Angebot: Improvisations-Training. <\/strong>Kann man Improvisieren lernen? J\u00fcrgen hat \u00dcbungen entwickelt, die schrittweise an das freie Spielen heranf\u00fchren, auch f\u00fcr Einsteiger geeignet, einfach mal anfragen &#8211; denn Improvisieren ist das Sahneh\u00e4ubchen des Musizierens.<\/p>\n\n\n<p><strong>Prog? Rock? Blues? Jazz?<\/strong> Wieviel davon steckt in J\u00fcrgens Songs? Der Versuch einer Genre-Zuordnung &#8211; zumindest einiger Songs. <a href=\"https:\/\/kopp-music.de\/?page_id=1303#genre\" target=\"_blank\" rel=\"noopener\">(weiterlesen)<\/a><\/p>\n\n\n\n<p><strong>Sorgenfreies Surfen.<\/strong> J\u00fcrgen ist Betreiber dieser Seite, er setzt keine Cookies, speichert keine Daten und schaltet keine Werbung. Mehr Infos unter <a href=\"https:\/\/kopp-music.de\/?page_id=31#datenschutz\">Datenschutz&nbsp;<\/a><\/p>\n\n\n\n<p><strong>Spotify-K\u00fcnstler.<\/strong> Mehr Musik von J\u00fcrgen findet sich bei Spotify und allen anderen g\u00e4ngigen Anbietern im Netz. <\/p>\n\n\n\n<figure class=\"wp-block-image size-large\"><a href=\"https:\/\/kopp-music.de\/wp-content\/uploads\/hhhhhhh-scaled.jpg\" target=\"_blank\" rel=\"noopener\"><img loading=\"lazy\" decoding=\"async\" width=\"1024\" height=\"512\" src=\"https:\/\/kopp-music.de\/wp-content\/uploads\/hhhhhhh-1024x512.jpg\" alt=\"\" class=\"wp-image-1377\" srcset=\"https:\/\/kopp-music.de\/wp-content\/uploads\/hhhhhhh-1024x512.jpg 1024w, https:\/\/kopp-music.de\/wp-content\/uploads\/hhhhhhh-300x150.jpg 300w, https:\/\/kopp-music.de\/wp-content\/uploads\/hhhhhhh-768x384.jpg 768w, https:\/\/kopp-music.de\/wp-content\/uploads\/hhhhhhh-1536x768.jpg 1536w, https:\/\/kopp-music.de\/wp-content\/uploads\/hhhhhhh-2048x1024.jpg 2048w\" sizes=\"auto, (max-width: 767px) 89vw, (max-width: 1000px) 54vw, (max-width: 1071px) 543px, 580px\" \/><\/a><\/figure>\n\n\n\n<h1 class=\"wp-block-heading\">Zitate von J\u00fcrgen<\/h1>\n\n\n\n<p>&#8222;Musik erschaffen ist eine der sch\u00f6nsten Leidenschaften&#8220;<br>&#8222;Im Improvisieren liegt die wahre Kunst und Freude des Musizierens&#8220;<br>&#8222;Im Augenblick des Spielens f\u00fchlt man sich lebendig und frei&#8220;<br>&#8222;Das Feeling der Musik ist wichtiger als perfekt-steriles Abmischen im Studio&#8220;<br>&#8222;Die Musik entsteht in mir, ich lasse sie einfach nur heraus&#8220;<br>&#8222;Ich spiele T\u00f6ne, keine Noten&#8220;<br>&#8222;Ich bin kein S\u00e4nger der sich begleitet, ich bin ein Musiker &#8211; der eben manchmal singt&#8220;<br>&#8222;Die Idee hinter den Liedern ist die eigentliche Kunst, sie birgt unz\u00e4hlige M\u00f6glichkeiten der spielerischen Interpretation&#8220;<br>&#8222;Mit Musik und Texten kann man ganze Welten erschaffen&#8220;<\/p>\n\n\n\n<figure class=\"wp-block-image size-full\"><a href=\"https:\/\/kopp-music.de\/?page_id=11\" target=\"_blank\" rel=\"noopener\"><img loading=\"lazy\" decoding=\"async\" width=\"914\" height=\"122\" src=\"https:\/\/kopp-music.de\/wp-content\/uploads\/7alben.jpg\" alt=\"\" class=\"wp-image-1890\" srcset=\"https:\/\/kopp-music.de\/wp-content\/uploads\/7alben.jpg 914w, https:\/\/kopp-music.de\/wp-content\/uploads\/7alben-300x40.jpg 300w, https:\/\/kopp-music.de\/wp-content\/uploads\/7alben-768x103.jpg 768w\" sizes=\"auto, (max-width: 767px) 89vw, (max-width: 1000px) 54vw, (max-width: 1071px) 543px, 580px\" \/><\/a><\/figure>\n\n\n\n<h1 class=\"wp-block-heading\">Wie kommt man an J\u00fcrgens Musik?<\/h1>\n\n\n\n<p>&#8211; <strong>Hier auf kopp-music.de<\/strong> kann man gratis einige <a href=\"https:\/\/kopp-music.de\/?page_id=18\" data-type=\"page\" data-id=\"18\">Songs anh\u00f6ren<\/a><br><strong>&#8211; CD:<\/strong> J\u00fcrgen versendet auf Wunsch CDs (siehe <a href=\"https:\/\/kopp-music.de\/?page_id=1822\" data-type=\"page\" data-id=\"1822\" target=\"_blank\" rel=\"noreferrer noopener\">Bestell-Bar<\/a>)<strong><br>&#8211; Digitale CD: <\/strong>J\u00fcrgen versendet auf Wunsch wav-Lieddateien (oder mp3) per mail<strong><br>&#8211; Streamen oder kaufen im Netz: <\/strong>Bei allen g\u00e4ngigen Anbietern, hier Beispiele:<\/p>\n\n\n\n<p><a rel=\"noreferrer noopener\" href=\"https:\/\/open.spotify.com\/artist\/2UlnlSHtrwR9wS58TmgTnr\" target=\"_blank\">Spotify<\/a> \/\/\/\/ <a rel=\"noreferrer noopener\" href=\"https:\/\/itunes.apple.com\/de\/album\/id1448714391\" target=\"_blank\">iTunes apple music<\/a> \/\/\/\/ <a rel=\"noreferrer noopener\" href=\"https:\/\/deezer.com\/de\/album\/48766062\" target=\"_blank\">Deezer<\/a> \/\/\/\/ <a href=\"https:\/\/www.youtube.com\/playlist?list=OLAK5uy_lB6PlVwCVuMX_cmebkgYxGvPuM90WFaLc\" target=\"_blank\" rel=\"noreferrer noopener\">Youtube<\/a>\/\/\/\/ <a rel=\"noreferrer noopener\" href=\"https:\/\/www.amazon.de\/s\/ref=nb_sb_noss_2?__mk_de_DE=%C3%85M%C3%85%C5%BD%C3%95%C3%91&amp;url=search-alias%3Ddigital-music&amp;field-keywords=J%C3%BCrgen+Kopp\" target=\"_blank\">amazon mp3&nbsp;<\/a><\/p>\n\n\n\n<h1 class=\"wp-block-heading\">J\u00fcrgens Blog &#8211; ausgew\u00e4hlte Eintr\u00e4ge<\/h1>\n\n\n\n<p><\/p>\n\n\n\n<p><a href=\"https:\/\/kopp-music.de\/?page_id=27#lockdownsong\" data-type=\"page\">Der improvisierte Lockdown-Song<\/a><br><a href=\"https:\/\/kopp-music.de\/?page_id=27#drum\">Kleine Schlagzeug-Improvisation<\/a><br><a href=\"https:\/\/kopp-music.de\/?page_id=27#coronalied\">Wir bleiben zuhause &#8211; ein musikalischer Gru\u00df<\/a> <br><a href=\"https:\/\/kopp-music.de\/?page_id=27#tour\">Corona: Keine Tour durch Frankreich<\/a><br><a href=\"https:\/\/kopp-music.de\/?page_id=27#klopp\">J\u00fcrgen Klopp und ich<\/a><br><a href=\"https:\/\/kopp-music.de\/?page_id=27\">Alle Blog-Eintr\u00e4ge lesen<\/a><\/p>\n\n\n\n<h1 class=\"wp-block-heading\">Alles gefunden?<\/h1>\n\n\n\n<p>Auf dieser Internetseite wird J\u00fcrgens Musik vorgestellt, aus jedem Album kann man einige Songs kostenfrei anh\u00f6ren (wer mehr h\u00f6ren m\u00f6chte, wird im Netz f\u00fcndig oder lasse sich eine CD schicken). Man kann alle Songtexte lesen, es gibt Infos \u00fcber J\u00fcrgen, \u00fcber seine Alben, seine Instrumente und seine Malerei &#8211; au\u00dferdem eine Fotogalerie und seine Blogeinr\u00e4ge. Nicht zu vergessen seine Angebote f\u00fcr individuelles Coaching. Und in der Bestell-Bar gibt es neben CDs und Musikdateien auch Lesbares. Und habt ihr <a href=\"https:\/\/kopp-music.de\/?page_id=1303\" target=\"_blank\" rel=\"noopener\">J\u00fcrgens Musik auf den Punkt gebracht<\/a> schon gelesen?<\/p>\n\n\n\n<h1 class=\"wp-block-heading\">Zu guter Letzt:<\/h1>\n\n\n\n<p><strong>Empfehlung: <\/strong>J\u00fcrgens Lieder bergen verschiedene Stile und sind recht unterschiedlich. Um ein Gef\u00fchl f\u00fcr seine Musik zu bekommen, lohnt es sich, mehr als 3 Lieder anzuh\u00f6ren.<\/p>\n\n\n\n<p><strong>Musikqualit\u00e4t: <\/strong>J\u00fcrgens Musik ist wenig komprimiert, das hei\u00dft auch in hohen und tiefen Frequenzen ist Vieles zu h\u00f6ren, was zum vollen H\u00f6rgenuss beitr\u00e4gt. Es lohnt sich, qualitativ hochwertige Streaming-Dienste oder CDs zu nutzen und die Musik auf guten Endger\u00e4ten zu h\u00f6ren. Auch die hier auf dieser Website hinterlegten Songs sind lediglich mp3-reduziert und k\u00f6nnen deshalb die volle Breite und Tiefe der Musik nicht wiedergeben.<\/p>\n\n\n\n<p><strong>\u00dcbrigens:<\/strong> Das Streamen von Musik und der Erwerb einer CD sind einfache Wege, einen K\u00fcnstler zu unterst\u00fctzen \ud83d\ude09<\/p>\n\n\n\n<p><strong>Covern:<\/strong> J\u00fcrgen ist nicht abgeneigt, das Covern seiner Songs zu erlauben, er m\u00f6chte nur vorher gefragt werden. Also einfach mal melden&#8230;<\/p>\n\n\n\n<figure class=\"wp-block-image size-large\"><a href=\"https:\/\/kopp-music.de\/wp-content\/uploads\/000a.jpg\"><img loading=\"lazy\" decoding=\"async\" width=\"386\" height=\"317\" src=\"https:\/\/kopp-music.de\/wp-content\/uploads\/000a.jpg\" alt=\"\" class=\"wp-image-166\" srcset=\"https:\/\/kopp-music.de\/wp-content\/uploads\/000a.jpg 386w, https:\/\/kopp-music.de\/wp-content\/uploads\/000a-300x246.jpg 300w\" sizes=\"auto, (max-width: 386px) 100vw, 386px\" \/><\/a><\/figure>\n\n\n\n<h1 class=\"wp-block-heading\">Vielen Dank f\u00fcrs Reinschauen, <br>genie\u00dfe das Leben &#8211; und die Musik<\/h1>\n\n\n\n<figure class=\"wp-block-image size-large is-resized\"><img loading=\"lazy\" decoding=\"async\" width=\"1024\" height=\"402\" src=\"https:\/\/kopp-music.de\/wp-content\/uploads\/25-jahre-ko-mu-bearb-1024x402.jpg\" alt=\"\" class=\"wp-image-3026\" style=\"aspect-ratio:2.5472410599126016;width:269px;height:auto\" srcset=\"https:\/\/kopp-music.de\/wp-content\/uploads\/25-jahre-ko-mu-bearb-1024x402.jpg 1024w, https:\/\/kopp-music.de\/wp-content\/uploads\/25-jahre-ko-mu-bearb-300x118.jpg 300w, https:\/\/kopp-music.de\/wp-content\/uploads\/25-jahre-ko-mu-bearb-768x302.jpg 768w, https:\/\/kopp-music.de\/wp-content\/uploads\/25-jahre-ko-mu-bearb-1536x604.jpg 1536w, https:\/\/kopp-music.de\/wp-content\/uploads\/25-jahre-ko-mu-bearb-2048x805.jpg 2048w\" sizes=\"auto, (max-width: 767px) 89vw, (max-width: 1000px) 54vw, (max-width: 1071px) 543px, 580px\" \/><\/figure>\n\n\n\n<figure class=\"wp-block-image is-resized is-style-default\"><img loading=\"lazy\" decoding=\"async\" width=\"1024\" height=\"360\" src=\"https:\/\/kopp-music.de\/wp-content\/uploads\/logo-1-1024x360.jpg\" alt=\"\" class=\"wp-image-679\" style=\"aspect-ratio:2.844243897828798;width:269px;height:auto\" srcset=\"https:\/\/kopp-music.de\/wp-content\/uploads\/logo-1-1024x360.jpg 1024w, https:\/\/kopp-music.de\/wp-content\/uploads\/logo-1-300x105.jpg 300w, https:\/\/kopp-music.de\/wp-content\/uploads\/logo-1-768x270.jpg 768w, https:\/\/kopp-music.de\/wp-content\/uploads\/logo-1-1536x540.jpg 1536w, https:\/\/kopp-music.de\/wp-content\/uploads\/logo-1-2048x720.jpg 2048w\" sizes=\"auto, (max-width: 767px) 89vw, (max-width: 1000px) 54vw, (max-width: 1071px) 543px, 580px\" \/><\/figure>\n\n\n\n<div class=\"wp-block-media-text is-stacked-on-mobile\" style=\"grid-template-columns:40% auto\"><figure class=\"wp-block-media-text__media\"><img loading=\"lazy\" decoding=\"async\" width=\"1024\" height=\"181\" src=\"https:\/\/kopp-music.de\/wp-content\/uploads\/coaching-songwriting-1024x181.jpg\" alt=\"\" class=\"wp-image-883 size-full\" srcset=\"https:\/\/kopp-music.de\/wp-content\/uploads\/coaching-songwriting-1024x181.jpg 1024w, https:\/\/kopp-music.de\/wp-content\/uploads\/coaching-songwriting-300x53.jpg 300w, https:\/\/kopp-music.de\/wp-content\/uploads\/coaching-songwriting-768x136.jpg 768w, https:\/\/kopp-music.de\/wp-content\/uploads\/coaching-songwriting-1536x272.jpg 1536w, https:\/\/kopp-music.de\/wp-content\/uploads\/coaching-songwriting-2048x363.jpg 2048w\" sizes=\"auto, (max-width: 767px) 89vw, (max-width: 1000px) 54vw, (max-width: 1071px) 543px, 580px\" \/><\/figure><div class=\"wp-block-media-text__content\">\n<p><\/p>\n<\/div><\/div>\n\n\n\n<figure class=\"wp-block-image is-resized\"><a href=\"https:\/\/kopp-music.de\/wp-content\/uploads\/workshop-scaled.jpg\"><img loading=\"lazy\" decoding=\"async\" width=\"1024\" height=\"216\" src=\"https:\/\/kopp-music.de\/wp-content\/uploads\/workshop-1024x216.jpg\" alt=\"\" class=\"wp-image-760\" style=\"width:271px;height:auto\" srcset=\"https:\/\/kopp-music.de\/wp-content\/uploads\/workshop-1024x216.jpg 1024w, https:\/\/kopp-music.de\/wp-content\/uploads\/workshop-300x63.jpg 300w, https:\/\/kopp-music.de\/wp-content\/uploads\/workshop-768x162.jpg 768w, https:\/\/kopp-music.de\/wp-content\/uploads\/workshop-1536x324.jpg 1536w, https:\/\/kopp-music.de\/wp-content\/uploads\/workshop-2048x432.jpg 2048w\" sizes=\"auto, (max-width: 767px) 89vw, (max-width: 1000px) 54vw, (max-width: 1071px) 543px, 580px\" \/><\/a><\/figure>\n\n\n\n<p><\/p>\n\n\n\n<figure class=\"wp-block-image\"><img decoding=\"async\" src=\"http:\/\/www.musikerdatenbank.com\/grafiken\/Siegel.png\" alt=\"Musikerdatenbank.com - kostenloses Musiker- und Bandverzeichnis\"\/><\/figure>\n\n\n\n<pre class=\"wp-block-preformatted\"><a href=\"https:\/\/kopp-music.de\/?page_id=31\">Kontakt<\/a>  \/  <a href=\"https:\/\/kopp-music.de\/?page_id=31#datenschutz\">Datenschutz<\/a>  \/  <a href=\"https:\/\/kopp-music.de\/?page_id=31#impressum\">Impressum<\/a><\/pre>\n\n\n\n<p><\/p>\n","protected":false},"excerpt":{"rendered":"<p>J\u00fcrgens Musik ist authentisch und passt nicht in eine Schublade, zumindest nicht in eine einzige. Bewegende Gitarrenmelodien, spannende Arrangements, verschiedenen Genres zugewandt. Seit \u00fcber 20 Jahren wirkt der in Stuttgart geborene Gitarrist in S\u00fcdhessen, er hat \u00fcber 80 Lieder geschrieben und ver\u00f6ffentlicht. AktuellAlle CDsSongs anh\u00f6renSongtexte Kontakt\u00dcber J\u00fcrgenFotogalerie&nbsp;\/ ClipsBlog Bestell-BarJ\u00fcrgens MalereiImpressum \/ Datenschutzenglish \/ francais Kontakt &hellip; <\/p>\n<p class=\"link-more\"><a href=\"https:\/\/kopp-music.de\/\" class=\"more-link\"><span class=\"screen-reader-text\">\u201eJ\u00fcrgen Kopp &#8211; Lieder mit Charakter\u201c <\/span>weiterlesen<\/a><\/p>\n","protected":false},"author":1,"featured_media":0,"parent":0,"menu_order":0,"comment_status":"closed","ping_status":"closed","template":"","meta":{"footnotes":""},"class_list":["post-5","page","type-page","status-publish","hentry"],"_links":{"self":[{"href":"https:\/\/kopp-music.de\/index.php?rest_route=\/wp\/v2\/pages\/5","targetHints":{"allow":["GET"]}}],"collection":[{"href":"https:\/\/kopp-music.de\/index.php?rest_route=\/wp\/v2\/pages"}],"about":[{"href":"https:\/\/kopp-music.de\/index.php?rest_route=\/wp\/v2\/types\/page"}],"author":[{"embeddable":true,"href":"https:\/\/kopp-music.de\/index.php?rest_route=\/wp\/v2\/users\/1"}],"replies":[{"embeddable":true,"href":"https:\/\/kopp-music.de\/index.php?rest_route=%2Fwp%2Fv2%2Fcomments&post=5"}],"version-history":[{"count":554,"href":"https:\/\/kopp-music.de\/index.php?rest_route=\/wp\/v2\/pages\/5\/revisions"}],"predecessor-version":[{"id":3028,"href":"https:\/\/kopp-music.de\/index.php?rest_route=\/wp\/v2\/pages\/5\/revisions\/3028"}],"wp:attachment":[{"href":"https:\/\/kopp-music.de\/index.php?rest_route=%2Fwp%2Fv2%2Fmedia&parent=5"}],"curies":[{"name":"wp","href":"https:\/\/api.w.org\/{rel}","templated":true}]}}