{"id":31,"date":"2020-04-28T13:24:34","date_gmt":"2020-04-28T13:24:34","guid":{"rendered":"http:\/\/kopp-music.de\/?page_id=31"},"modified":"2025-10-01T16:42:10","modified_gmt":"2025-10-01T16:42:10","slug":"kontakt-cd-bestellen-datenschutz-urheberrechte-haftung-impressum","status":"publish","type":"page","link":"https:\/\/kopp-music.de\/?page_id=31","title":{"rendered":"Kontakt  \/  Impressum  \/  Datenschutz  \/  Urheberrechte  \/  Haftung"},"content":{"rendered":"<h1>Kontakt<\/h1>\n<p><a href=\"mailto:contact@kopp-music.de?\">contact@kopp-music.de<\/a><\/p>\n<p>Diese mail-Adresse gilt f\u00fcr Bestellungen, f\u00fcr Kommentare oder einfach um mit J\u00fcrgen in Kontakt zu kommen. Er beantwortet die mails selbst und freut sich auf den Kontakt mit euch.<\/p>\n<p><a name=\"impressum\"><\/a><\/p>\n<h1>Impressum<\/h1>\n<p>Dies ist eine private Internetseite eines Hobby-Musikers, dahinter steht kein Unternehmen und keine Gewinnorientierung, die Seite dient ausschlie\u00dflich der Freude an der Musik. Die Seite hat keinen Online-Shop, J\u00fcrgen bietet lediglich an, eine CD mit seiner Musik oder ein Songbook zuzusenden &#8211; bisher kam es nicht zu solchen Zusendungen. Die Summe der Einnahmen in den letzten Jahren ist deshalb gleich Null.<br \/>\nDie Seite wurde von J\u00fcrgen Kopp erstellt. Erstmalig ging kopp-music.de im Jahr 2001 ins Netz, die aktuelle Version besteht seit 2020.<br \/>\nJ\u00fcrgen Kopp<br \/>\nAn der Goldkaute 2<br \/>\n64380 Ro\u00dfdorf<br \/>\nDeutschland \/ Germany \/ Allemagne<br \/>\nDer Nutzung von im Rahmen der Impressumspflicht ver\u00f6ffentlichten Kontaktdaten durch Dritte zur \u00dcbersendung von nicht ausdr\u00fccklich angeforderter Werbung und Informationsmaterialien wird hiermit ausdr\u00fccklich widersprochen. Der Betreiber beh\u00e4lt sich ausdr\u00fccklich rechtliche Schritte im Falle der unverlangten Zusendung von Werbeinformationen oder Spam-Mails vor.<\/p>\n<p><a name=\"datenschutz\"><\/a><\/p>\n<h1>Datenschutz<\/h1>\n<p><strong>1. Datenverarbeitung durch den Betreiber J\u00fcrgen Kopp<\/strong><br \/>\n1.1. Allgemeines<br \/>\nDies ist eine private Website, die Nutzung ist kostenfrei. Der Betreiber schaltet keine Werbung, er arbeitet nicht mit anderen Firmen zusammen und gibt keinerlei Daten weiter.<br \/>\n1.2. Besuch der Website:<br \/>\nVon Besucher*innen der Website erfasst und speichert der Betreiber keinerlei Daten. Er schaltet keine Werbung, setzt keine Cookies ein und wertet keine IP-Adressen aus. Da er keine Kundenkontos bereit stellt, keinen Newsletter generiert und keine Login-Registrierung eingerichtet hat, erfolgt der Besuch der Website ohne die Erfassung pers\u00f6nlicher Daten.<br \/>\n1.3. Bestellungen:<br \/>\nVon Interessenten, die sich eine CD oder andere Artikel zusenden lassen m\u00f6chten, erfasst der Betreiber nur die hierf\u00fcr notwendigen Daten, dies sind Name, Anschrift und mail-Adresse. Die Daten werden freiwillig gegeben, sie werden ausschlie\u00dflich zum Zweck der Zusendung erfasst und nicht an Dritte weitergegeben. Nach erfolgter Zusendung und Bezahlung werden die Daten wieder gel\u00f6scht.<br \/>\n<strong>2. Datenverarbeitung durch WordPress und Strato<\/strong><br \/>\nDie Website ist mit WordPress erstellt. Der Host, \u00fcber den die Seite ins Netz gestellt wird, ist Strato. Beide haben ein Datenschutzkonzept, die jeweiligen Richtlinien k\u00f6nnen hier eingesehen werden: <a href=\"http:\/\/www.wordpress.org\">wordpress.org<\/a> und <a href=\"http:\/\/www.strato.de\/datenschutz\">strato.de\/datenschutz<\/a><\/p>\n<p><a name=\"urheberrechte\"><\/a><\/p>\n<h1>Urheberrechte<\/h1>\n<p>Alle Inhalte und Werke (Musik, Texte, Fotos, Videos, etc.) dieser Website mit allen Unterseiten unterliegen dem deutschen Urheberrecht. Die Vervielf\u00e4ltigung, Bearbeitung, Verbreitung, das Covern und jede Art der Verwertung (auch von Teilen von Text oder Musik oder Fotos) au\u00dferhalb der Grenzen des Urheberrechtes bed\u00fcrfen der schriftlichen Zustimmung des Autors bzw. Erstellers.<br \/>\nJ\u00fcrgen ist nicht abgeneigt, Coverversionen von seinen Liedern zuzulassen, nur will er vorher gefragt werden. Seine Zustimmung wird hierbei schriftlich dokumentiert. Als Nachweis seiner Zustimmung gilt ausschlie\u00dflich das von ihm erstellte Formular mit der von ihm vergebenen Nummer.<br \/>\nF\u00fcr den privaten, nichtkommerziellen Gebrauch sind Downloads der Musik von dieser Webseite gestattet.<\/p>\n<h1>Haftung f\u00fcr Inhalte<\/h1>\n<p>Die Inhalte dieser Seiten wurden mit gr\u00f6\u00dfter Sorgfalt erstellt. Soweit die Inhalte auf dieser Seite nicht vom Betreiber erstellt wurden, werden die Urheberrechte Dritter beachtet. Insbesondere werden Inhalte Dritter als solche gekennzeichnet. Sollten wir dennoch auf eine Urheberrechtsverletzung aufmerksam gemacht werden, werden die entsprechenden Inhalte umgehend entfernt.<\/p>\n<p>Haftung in Bezug auf externe Links: Links auf externe Seiten Dritter werden mit gr\u00f6\u00dfter Sorgfalt gesetzt. Die verlinkten Seiten wurden zum Zeitpunkt der Verlinkung auf m\u00f6gliche Rechtsverst\u00f6\u00dfe \u00fcberpr\u00fcft, rechtswidrige Inhalte waren zu diesem Zeitpunkt nicht erkennbar. Eine permanente inhaltliche Kontrolle der verlinkten Seiten ist ohne konkrete Anhaltspunkte einer Rechtsverletzung nicht leistbar.<br \/>\nAuf die Inhalte externer Links haben wir keinen Einfluss. Deshalb k\u00f6nnen wir f\u00fcr diese fremden Inhalte auch keine Gew\u00e4hr \u00fcbernehmen. F\u00fcr die Inhalte der verlinkten Seiten ist stets der jeweilige Anbieter oder Betreiber der Seiten verantwortlich.<\/p>\n<p><a href=\"https:\/\/kopp-music.de\/\">Zur\u00fcck zur Startseite<\/a><\/p>\n","protected":false},"excerpt":{"rendered":"<p>Kontakt contact@kopp-music.de Diese mail-Adresse gilt f\u00fcr Bestellungen, f\u00fcr Kommentare oder einfach um mit J\u00fcrgen in Kontakt zu kommen. Er beantwortet die mails selbst und freut sich auf den Kontakt mit euch. Impressum Dies ist eine private Internetseite eines Hobby-Musikers, dahinter steht kein Unternehmen und keine Gewinnorientierung, die Seite dient ausschlie\u00dflich der Freude an der Musik. &hellip; <\/p>\n<p class=\"link-more\"><a href=\"https:\/\/kopp-music.de\/?page_id=31\" class=\"more-link\"><span class=\"screen-reader-text\">\u201eKontakt  \/  Impressum  \/  Datenschutz  \/  Urheberrechte  \/  Haftung\u201c <\/span>weiterlesen<\/a><\/p>\n","protected":false},"author":1,"featured_media":0,"parent":0,"menu_order":0,"comment_status":"closed","ping_status":"closed","template":"","meta":{"footnotes":""},"class_list":["post-31","page","type-page","status-publish","hentry"],"_links":{"self":[{"href":"https:\/\/kopp-music.de\/index.php?rest_route=\/wp\/v2\/pages\/31","targetHints":{"allow":["GET"]}}],"collection":[{"href":"https:\/\/kopp-music.de\/index.php?rest_route=\/wp\/v2\/pages"}],"about":[{"href":"https:\/\/kopp-music.de\/index.php?rest_route=\/wp\/v2\/types\/page"}],"author":[{"embeddable":true,"href":"https:\/\/kopp-music.de\/index.php?rest_route=\/wp\/v2\/users\/1"}],"replies":[{"embeddable":true,"href":"https:\/\/kopp-music.de\/index.php?rest_route=%2Fwp%2Fv2%2Fcomments&post=31"}],"version-history":[{"count":44,"href":"https:\/\/kopp-music.de\/index.php?rest_route=\/wp\/v2\/pages\/31\/revisions"}],"predecessor-version":[{"id":2916,"href":"https:\/\/kopp-music.de\/index.php?rest_route=\/wp\/v2\/pages\/31\/revisions\/2916"}],"wp:attachment":[{"href":"https:\/\/kopp-music.de\/index.php?rest_route=%2Fwp%2Fv2%2Fmedia&parent=31"}],"curies":[{"name":"wp","href":"https:\/\/api.w.org\/{rel}","templated":true}]}}