{"id":255,"date":"2020-05-12T09:24:37","date_gmt":"2020-05-12T09:24:37","guid":{"rendered":"http:\/\/kopp-music.de\/?page_id=255"},"modified":"2026-04-11T19:51:37","modified_gmt":"2026-04-11T19:51:37","slug":"francais","status":"publish","type":"page","link":"https:\/\/kopp-music.de\/?page_id=255","title":{"rendered":"francais"},"content":{"rendered":"<h1>Bonjour \u00e0 tous<\/h1>\n<p><a href=\"https:\/\/kopp-music.de\/wp-content\/uploads\/Momentaufnahme5-1.jpg\"><img loading=\"lazy\" decoding=\"async\" class=\"alignnone wp-image-131\" src=\"https:\/\/kopp-music.de\/wp-content\/uploads\/Momentaufnahme5-1-300x169.jpg\" alt=\"\" width=\"163\" height=\"92\" srcset=\"https:\/\/kopp-music.de\/wp-content\/uploads\/Momentaufnahme5-1-300x169.jpg 300w, https:\/\/kopp-music.de\/wp-content\/uploads\/Momentaufnahme5-1.jpg 458w\" sizes=\"auto, (max-width: 163px) 100vw, 163px\" \/><\/a> <a href=\"https:\/\/kopp-music.de\/wp-content\/uploads\/concert-1.jpg\"><img loading=\"lazy\" decoding=\"async\" class=\"alignnone wp-image-130\" src=\"https:\/\/kopp-music.de\/wp-content\/uploads\/concert-1-300x167.jpg\" alt=\"\" width=\"164\" height=\"91\" srcset=\"https:\/\/kopp-music.de\/wp-content\/uploads\/concert-1-300x167.jpg 300w, https:\/\/kopp-music.de\/wp-content\/uploads\/concert-1-1024x571.jpg 1024w, https:\/\/kopp-music.de\/wp-content\/uploads\/concert-1-768x428.jpg 768w, https:\/\/kopp-music.de\/wp-content\/uploads\/concert-1.jpg 1514w\" sizes=\"auto, (max-width: 164px) 100vw, 164px\" \/><\/a><a href=\"https:\/\/kopp-music.de\/wp-content\/uploads\/hhhhhhh-scaled.jpg\"><img loading=\"lazy\" decoding=\"async\" class=\"alignnone wp-image-1377\" src=\"https:\/\/kopp-music.de\/wp-content\/uploads\/hhhhhhh-300x150.jpg\" alt=\"\" width=\"184\" height=\"92\" srcset=\"https:\/\/kopp-music.de\/wp-content\/uploads\/hhhhhhh-300x150.jpg 300w, https:\/\/kopp-music.de\/wp-content\/uploads\/hhhhhhh-1024x512.jpg 1024w, https:\/\/kopp-music.de\/wp-content\/uploads\/hhhhhhh-768x384.jpg 768w, https:\/\/kopp-music.de\/wp-content\/uploads\/hhhhhhh-1536x768.jpg 1536w, https:\/\/kopp-music.de\/wp-content\/uploads\/hhhhhhh-2048x1024.jpg 2048w\" sizes=\"auto, (max-width: 184px) 100vw, 184px\" \/><\/a><\/p>\n<p>J\u00fcrgen Kopp est un guitariste allemand, il a compos\u00e9 et publi\u00e9 plus de 80 chansons. Son genre est rock garni avec blues et folk et jazz. Chaque ann\u00e9e il reste plus de deux mois dans la Provence.<br \/><a href=\"https:\/\/kopp-music.de\/?page_id=23\">Galerie photo<\/a> &#8211; <a href=\"https:\/\/kopp-music.de\/?page_id=29\">Videos<\/a> &#8211; <a href=\"https:\/\/kopp-music.de\/?page_id=255#contact\">Contact<\/a> \u00a0\u00a0<\/p>\n<h1>Ecouter les Chansons<\/h1>\n<p>Faites connaissance de la musique de J\u00fcrgen Kopp, ici sur cette site vous pouvez \u00e9couter gratuites \u00e0 quelques chansons de chaque CD:\u00a0 <a href=\"https:\/\/kopp-music.de\/?page_id=18#anhoeren\">ecouter<\/a>\u00a0<br \/>Ailleurs sur l&#8217;internet: Vous trouvez les chansons de J\u00fcrgen sur plusieurs fournisseurs sur l&#8217;internet, pour example ici: <a href=\"https:\/\/open.spotify.com\/artist\/2UlnlSHtrwR9wS58TmgTnr\" target=\"_blank\" rel=\"noopener noreferrer\">Spotify<\/a> \/\/\/\/ <a href=\"https:\/\/itunes.apple.com\/de\/album\/id1448714391\" target=\"_blank\" rel=\"noopener noreferrer\">iTunes apple music<\/a> \/\/\/\/ <a href=\"https:\/\/deezer.com\/de\/album\/48766062\" target=\"_blank\" rel=\"noopener noreferrer\">Deezer<\/a> \/\/\/\/ <a href=\"https:\/\/play.google.com\/store\/music\/artist\/J%C3%BCrgen_Kopp?id=Ajk2bcy5lxzfjuucljnxo4ycic4\" target=\"_blank\" rel=\"noopener noreferrer\">Google Play<\/a> \/\/\/\/ <a href=\"https:\/\/www.amazon.de\/s\/ref=nb_sb_noss_2?__mk_de_DE=%C3%85M%C3%85%C5%BD%C3%95%C3%91&amp;url=search-alias%3Ddigital-music&amp;field-keywords=J%C3%BCrgen+Kopp\" target=\"_blank\" rel=\"noopener noreferrer\">amazon mp3\u00a0\u00a0<\/a><\/p>\n<p>Chaque chanson est differente et \u00e9couter une album n&#8217;est jamais ennuyeux. Beaucoup de chansons ont des paroles allemandes ou anglais (ou sont sans paroles), en 2026 il a fait son premier chanson avec paroles francais:<\/p>\n<audio class=\"wp-audio-shortcode\" id=\"audio-255-1\" preload=\"none\" style=\"width: 100%;\" controls=\"controls\"><source type=\"audio\/wav\" src=\"https:\/\/kopp-music.de\/wp-content\/uploads\/juergen-kopp_il-faut-etre-philosophe.wav?_=1\" \/><a href=\"https:\/\/kopp-music.de\/wp-content\/uploads\/juergen-kopp_il-faut-etre-philosophe.wav\">https:\/\/kopp-music.de\/wp-content\/uploads\/juergen-kopp_il-faut-etre-philosophe.wav<\/a><\/audio>\n\n\n<h1 class=\"wp-block-heading\">Les CDs<\/h1>\n\n\n\n<p>Les CDs avec les titres des chansons (et plus d&#8217;information en langue allemande) sont pr\u00e9sent\u00e9 ici: <a href=\"https:\/\/kopp-music.de\/?page_id=11\" target=\"_blank\" rel=\"noopener\">Alben\/CDs<\/a><br>Pour commander une CD il faut simplement envoyer un email \u00e0&nbsp;&nbsp; <a href=\"mailto:contact@kopp-music.de?\"><strong>contact@kopp-music.de <\/strong><\/a> <br>Le prix est 10 Euro pour une CD, J\u00fcrgen grave une copie de l&#8217;album original avec sa signature, on paie en virement bancaire apr\u00e8s la livraison.&nbsp; <br>Les CDs sont seulement disponible aux artiste.<br><\/p>\n\n\n\n<figure class=\"wp-block-gallery has-nested-images columns-4 is-cropped wp-block-gallery-1 is-layout-flex wp-block-gallery-is-layout-flex\">\n<figure class=\"wp-block-image size-large\"><a href=\"https:\/\/kopp-music.de\/wp-content\/uploads\/bedoin.jpg\"><img loading=\"lazy\" decoding=\"async\" width=\"1024\" height=\"895\" data-id=\"279\" src=\"https:\/\/kopp-music.de\/wp-content\/uploads\/bedoin-1024x895.jpg\" alt=\"\" class=\"wp-image-279\" srcset=\"https:\/\/kopp-music.de\/wp-content\/uploads\/bedoin-1024x895.jpg 1024w, https:\/\/kopp-music.de\/wp-content\/uploads\/bedoin-300x262.jpg 300w, https:\/\/kopp-music.de\/wp-content\/uploads\/bedoin-768x671.jpg 768w, https:\/\/kopp-music.de\/wp-content\/uploads\/bedoin.jpg 1460w\" sizes=\"auto, (max-width: 767px) 89vw, (max-width: 1000px) 54vw, (max-width: 1071px) 543px, 580px\" \/><\/a><figcaption class=\"wp-element-caption\">\u00c0 Bedoin<\/figcaption><\/figure>\n\n\n\n<figure class=\"wp-block-image size-large\"><a href=\"https:\/\/kopp-music.de\/wp-content\/uploads\/stgabriel1.jpg\"><img loading=\"lazy\" decoding=\"async\" width=\"672\" height=\"472\" data-id=\"298\" src=\"https:\/\/kopp-music.de\/wp-content\/uploads\/stgabriel1.jpg\" alt=\"\" class=\"wp-image-298\" srcset=\"https:\/\/kopp-music.de\/wp-content\/uploads\/stgabriel1.jpg 672w, https:\/\/kopp-music.de\/wp-content\/uploads\/stgabriel1-300x211.jpg 300w\" sizes=\"auto, (max-width: 672px) 100vw, 672px\" \/><\/a><figcaption class=\"wp-element-caption\">Chapelle St. Gabriel<\/figcaption><\/figure>\n\n\n\n<figure class=\"wp-block-image size-large\"><a href=\"https:\/\/kopp-music.de\/wp-content\/uploads\/malaucene.jpg\"><img loading=\"lazy\" decoding=\"async\" width=\"929\" height=\"1024\" data-id=\"296\" src=\"https:\/\/kopp-music.de\/wp-content\/uploads\/malaucene-929x1024.jpg\" alt=\"\" class=\"wp-image-296\" srcset=\"https:\/\/kopp-music.de\/wp-content\/uploads\/malaucene-929x1024.jpg 929w, https:\/\/kopp-music.de\/wp-content\/uploads\/malaucene-272x300.jpg 272w, https:\/\/kopp-music.de\/wp-content\/uploads\/malaucene-768x846.jpg 768w, https:\/\/kopp-music.de\/wp-content\/uploads\/malaucene-1394x1536.jpg 1394w, https:\/\/kopp-music.de\/wp-content\/uploads\/malaucene-1858x2048.jpg 1858w, https:\/\/kopp-music.de\/wp-content\/uploads\/malaucene.jpg 1910w\" sizes=\"auto, (max-width: 767px) 89vw, (max-width: 1000px) 54vw, (max-width: 1071px) 543px, 580px\" \/><\/a><figcaption class=\"wp-element-caption\">Malaucene<\/figcaption><\/figure>\n\n\n\n<figure class=\"wp-block-image size-large\"><a href=\"https:\/\/kopp-music.de\/wp-content\/uploads\/alpillen.jpg\"><img loading=\"lazy\" decoding=\"async\" width=\"1024\" height=\"513\" data-id=\"136\" src=\"https:\/\/kopp-music.de\/wp-content\/uploads\/alpillen-1024x513.jpg\" alt=\"\" class=\"wp-image-136\" srcset=\"https:\/\/kopp-music.de\/wp-content\/uploads\/alpillen-1024x513.jpg 1024w, https:\/\/kopp-music.de\/wp-content\/uploads\/alpillen-300x150.jpg 300w, https:\/\/kopp-music.de\/wp-content\/uploads\/alpillen-768x385.jpg 768w, https:\/\/kopp-music.de\/wp-content\/uploads\/alpillen-1536x769.jpg 1536w, https:\/\/kopp-music.de\/wp-content\/uploads\/alpillen-2048x1026.jpg 2048w\" sizes=\"auto, (max-width: 767px) 89vw, (max-width: 1000px) 54vw, (max-width: 1071px) 543px, 580px\" \/><\/a><figcaption class=\"wp-element-caption\">Les Alpilles &#8211; Tour des Opies <\/figcaption><\/figure>\n<\/figure>\n\n\n\n<h1 class=\"wp-block-heading\">J\u00fcrgen comme peintre<\/h1>\n\n\n\n<p>De temps \u00e0 temps J\u00fcrgen fait de la peinture. Il aime beaucoup la Provence et plusieurs motifs sont de cette region. <a href=\"https:\/\/kopp-music.de\/?page_id=25\">Cliquez ici pour voir les tableaus&nbsp;<\/a><\/p>\n\n\n\n<figure class=\"wp-block-image\"><img loading=\"lazy\" decoding=\"async\" width=\"2560\" height=\"428\" src=\"https:\/\/kopp-music.de\/wp-content\/uploads\/Galerie-4-Bilder-scaled.jpg\" alt=\"\" class=\"wp-image-263\" srcset=\"https:\/\/kopp-music.de\/wp-content\/uploads\/Galerie-4-Bilder-scaled.jpg 2560w, https:\/\/kopp-music.de\/wp-content\/uploads\/Galerie-4-Bilder-300x50.jpg 300w, https:\/\/kopp-music.de\/wp-content\/uploads\/Galerie-4-Bilder-1024x171.jpg 1024w, https:\/\/kopp-music.de\/wp-content\/uploads\/Galerie-4-Bilder-768x129.jpg 768w, https:\/\/kopp-music.de\/wp-content\/uploads\/Galerie-4-Bilder-1536x257.jpg 1536w, https:\/\/kopp-music.de\/wp-content\/uploads\/Galerie-4-Bilder-2048x343.jpg 2048w\" sizes=\"auto, (max-width: 767px) 89vw, (max-width: 1000px) 54vw, (max-width: 1071px) 543px, 580px\" \/><\/figure>\n\n\n\n<p><a name=\"commander\"><\/a><\/p>\n\n\n\n<p><a name=\"contact\"><\/a><\/p>\n\n\n\n<h1 class=\"wp-block-heading\">Contact<\/h1>\n\n\n\n<p>Si vous avez des questions ou voulez dire bonjour n&#8217;hesitez pas d&#8217;envoyer un email:&nbsp;&nbsp; <a href=\"mailto:contact@kopp-music.de?\"><strong>contact@kopp-music.de <\/strong><\/a>&nbsp;<\/p>\n\n\n\n<p><img loading=\"lazy\" decoding=\"async\" class=\"alignnone size-medium wp-image-46\" src=\"https:\/\/kopp-music.de\/wp-content\/uploads\/dsc_0128cut-300x256.jpg\" alt=\"\" width=\"300\" height=\"256\" srcset=\"https:\/\/kopp-music.de\/wp-content\/uploads\/dsc_0128cut-300x256.jpg 300w, https:\/\/kopp-music.de\/wp-content\/uploads\/dsc_0128cut.jpg 393w\" sizes=\"auto, (max-width: 300px) 100vw, 300px\" \/><br>Merci pour visiter ma site, bonne journ\u00e9e et \u00e0 bientot<\/p>\n\n\n\n<h1 class=\"wp-block-heading\">Mentions l\u00e9gales<\/h1>\n\n\n\n<p>Cette site d&#8217;internet est une site priv\u00e9e de l&#8217;artiste J\u00fcrgen Kopp. Il n&#8217;y a pas de publicit\u00e9 et pas de cookies, visiter la site est totalement gratuite et J\u00fcrgen n&#8217;enregistre pas des donn\u00e9es coordonn\u00e9es. Pour lire les informations d\u00e9taill\u00e9es de protection des donn\u00e9es en langue allemande cliquez ici: <a href=\"https:\/\/kopp-music.de\/?page_id=31#datenschutz\">Datenschutz&nbsp;<\/a><\/p>\n\n\n\n<p>J\u00fcrgen Kopp, An der Goldkaute 2, 64380 Ro\u00dfdorf, Allemagne<\/p>\n\n\n\n<figure class=\"wp-block-image size-full is-resized\"><a href=\"https:\/\/kopp-music.de\/wp-content\/uploads\/kosi77b.jpg\"><img loading=\"lazy\" decoding=\"async\" width=\"2396\" height=\"748\" src=\"https:\/\/kopp-music.de\/wp-content\/uploads\/kosi77b.jpg\" alt=\"\" class=\"wp-image-289\" style=\"width:681px;height:212px\" srcset=\"https:\/\/kopp-music.de\/wp-content\/uploads\/kosi77b.jpg 2396w, https:\/\/kopp-music.de\/wp-content\/uploads\/kosi77b-300x94.jpg 300w, https:\/\/kopp-music.de\/wp-content\/uploads\/kosi77b-1024x320.jpg 1024w, https:\/\/kopp-music.de\/wp-content\/uploads\/kosi77b-768x240.jpg 768w, https:\/\/kopp-music.de\/wp-content\/uploads\/kosi77b-1536x480.jpg 1536w, https:\/\/kopp-music.de\/wp-content\/uploads\/kosi77b-2048x639.jpg 2048w\" sizes=\"auto, (max-width: 767px) 89vw, (max-width: 1000px) 54vw, (max-width: 1071px) 543px, 580px\" \/><\/a><\/figure>\n\n\n\n<p><\/p>\n","protected":false},"excerpt":{"rendered":"<p>Bonjour \u00e0 tous J\u00fcrgen Kopp est un guitariste allemand, il a compos\u00e9 et publi\u00e9 plus de 80 chansons. Son genre est rock garni avec blues et folk et jazz. Chaque ann\u00e9e il reste plus de deux mois dans la Provence.Galerie photo &#8211; Videos &#8211; Contact \u00a0\u00a0 Ecouter les Chansons Faites connaissance de la musique de &hellip; <\/p>\n<p class=\"link-more\"><a href=\"https:\/\/kopp-music.de\/?page_id=255\" class=\"more-link\"><span class=\"screen-reader-text\">\u201efrancais\u201c <\/span>weiterlesen<\/a><\/p>\n","protected":false},"author":1,"featured_media":0,"parent":0,"menu_order":0,"comment_status":"closed","ping_status":"closed","template":"","meta":{"footnotes":""},"class_list":["post-255","page","type-page","status-publish","hentry"],"_links":{"self":[{"href":"https:\/\/kopp-music.de\/index.php?rest_route=\/wp\/v2\/pages\/255","targetHints":{"allow":["GET"]}}],"collection":[{"href":"https:\/\/kopp-music.de\/index.php?rest_route=\/wp\/v2\/pages"}],"about":[{"href":"https:\/\/kopp-music.de\/index.php?rest_route=\/wp\/v2\/types\/page"}],"author":[{"embeddable":true,"href":"https:\/\/kopp-music.de\/index.php?rest_route=\/wp\/v2\/users\/1"}],"replies":[{"embeddable":true,"href":"https:\/\/kopp-music.de\/index.php?rest_route=%2Fwp%2Fv2%2Fcomments&post=255"}],"version-history":[{"count":62,"href":"https:\/\/kopp-music.de\/index.php?rest_route=\/wp\/v2\/pages\/255\/revisions"}],"predecessor-version":[{"id":3030,"href":"https:\/\/kopp-music.de\/index.php?rest_route=\/wp\/v2\/pages\/255\/revisions\/3030"}],"wp:attachment":[{"href":"https:\/\/kopp-music.de\/index.php?rest_route=%2Fwp%2Fv2%2Fmedia&parent=255"}],"curies":[{"name":"wp","href":"https:\/\/api.w.org\/{rel}","templated":true}]}}