{"id":1822,"date":"2022-05-04T19:07:44","date_gmt":"2022-05-04T19:07:44","guid":{"rendered":"https:\/\/kopp-music.de\/?page_id=1822"},"modified":"2026-04-08T19:58:05","modified_gmt":"2026-04-08T19:58:05","slug":"bestell-bar-2","status":"publish","type":"page","link":"https:\/\/kopp-music.de\/?page_id=1822","title":{"rendered":"Bestell-Bar"},"content":{"rendered":"\n<p>J\u00fcrgens Musik ist bei s\u00e4mtlichen Internet-Streaming-Diensten verf\u00fcgbar. CDs und Songbooks gibt es nur bei ihm, nicht im Fachhandel. F\u00fcr 10 Euro schickt er gerne eine CD oder eine Digitale CD zu (bei letzterer werden lediglich digitale Lieddateien mp3\/wav per mail zugeschickt, keine echte CD ). Ebenfalls f\u00fcr 10 Euro gibt es die Akkordhefte (jeweils f\u00fcr ein Album), das gro\u00dfe Songbook kostet 35 Euro. Email gen\u00fcgt, alle Infos weiter unten bei <a href=\"https:\/\/kopp-music.de\/?page_id=1822#Bestellhinweise\" data-type=\"page\" data-id=\"1822\">Bestellhinweise<\/a> <br><strong>Aktion <strong>zum 25. Jubil\u00e4um<\/strong><\/strong>: <strong>bis 15.5.2026 alles 25 Prozent g\u00fcnstiger!<br>CDs und Akkordhefte 7,50 Euro, das gro\u00dfe Songbook 26,25 Euro &#8211; solange Vorrat reicht<\/strong><\/p>\n\n\n\n<p><img loading=\"lazy\" decoding=\"async\" width=\"80\" height=\"74\" class=\"wp-image-2319\" style=\"width: 80px;\" src=\"https:\/\/kopp-music.de\/wp-content\/uploads\/Titel-Einzelstuecke.jpg\" alt=\"\" srcset=\"https:\/\/kopp-music.de\/wp-content\/uploads\/Titel-Einzelstuecke.jpg 740w, https:\/\/kopp-music.de\/wp-content\/uploads\/Titel-Einzelstuecke-300x277.jpg 300w\" sizes=\"auto, (max-width: 80px) 100vw, 80px\" \/> J\u00fcrgen Kopp &#8211; Einzelst\u00fccke <br>Musikalbum mit alternativen Songversionen, 2023, 14 Lieder, Laufzeit 79,30 min, CD oder Digitale CD (mp3 oder wav) <br>&gt;&gt;&gt; <a href=\"https:\/\/kopp-music.de\/?page_id=11#albumeinzelstuecke\" data-type=\"page\" data-id=\"11\">Infos zum Album<\/a> &gt;&gt;&gt; <a href=\"https:\/\/kopp-music.de\/?page_id=18#hoereneinzel\">Reinh\u00f6ren<\/a><\/p>\n\n\n\n<p><img loading=\"lazy\" decoding=\"async\" width=\"80\" height=\"72\" class=\"wp-image-1484\" style=\"width: 80px;\" src=\"https:\/\/kopp-music.de\/wp-content\/uploads\/catch-the-sun-titel.jpg\" alt=\"\" srcset=\"https:\/\/kopp-music.de\/wp-content\/uploads\/catch-the-sun-titel.jpg 1692w, https:\/\/kopp-music.de\/wp-content\/uploads\/catch-the-sun-titel-300x270.jpg 300w, https:\/\/kopp-music.de\/wp-content\/uploads\/catch-the-sun-titel-1024x922.jpg 1024w, https:\/\/kopp-music.de\/wp-content\/uploads\/catch-the-sun-titel-768x692.jpg 768w, https:\/\/kopp-music.de\/wp-content\/uploads\/catch-the-sun-titel-1536x1383.jpg 1536w\" sizes=\"auto, (max-width: 80px) 100vw, 80px\" \/> J\u00fcrgen Kopp &#8211; Catch the sun <br>Siebtes Original-Musikalbum, 2022, 13 Lieder, Laufzeit 53,10 min, CD oder Digitale CD (mp3 oder wav) <br>&gt;&gt;&gt; <a href=\"https:\/\/kopp-music.de\/?page_id=11#albumcatch\" data-type=\"page\" data-id=\"11\" target=\"_blank\" rel=\"noreferrer noopener\">Infos zum Album<\/a> &gt;&gt;&gt; <a href=\"https:\/\/kopp-music.de\/?page_id=18#hoerencatch\">Reinh\u00f6ren<\/a><\/p>\n\n\n\n<p><a name=\"CDs\"><\/a><a href=\"https:\/\/kopp-music.de\/wp-content\/uploads\/alive-cover.jpg\"><img loading=\"lazy\" decoding=\"async\" width=\"80\" height=\"71\" class=\"alignnone wp-image-72\" src=\"https:\/\/kopp-music.de\/wp-content\/uploads\/alive-cover-300x265.jpg\" alt=\"\" srcset=\"https:\/\/kopp-music.de\/wp-content\/uploads\/alive-cover-300x265.jpg 300w, https:\/\/kopp-music.de\/wp-content\/uploads\/alive-cover-1024x905.jpg 1024w, https:\/\/kopp-music.de\/wp-content\/uploads\/alive-cover-768x679.jpg 768w, https:\/\/kopp-music.de\/wp-content\/uploads\/alive-cover.jpg 1120w\" sizes=\"auto, (max-width: 80px) 100vw, 80px\" \/><\/a> J\u00fcrgen Kopp &#8211; Alive and easy<br>Sechstes Original-Musikalbum, 2019, 11 Lieder, Laufzeit 53.12 min, CD oder Digitale CD (wav) <br>&gt;&gt;&gt; <a href=\"https:\/\/kopp-music.de\/?page_id=11#albumalive\" data-type=\"URL\" data-id=\"https:\/\/kopp-music.de\/?page_id=11#albumalive\" target=\"_blank\" rel=\"noreferrer noopener\">Infos zum Album<\/a> &gt;&gt;&gt; <a href=\"https:\/\/kopp-music.de\/?page_id=18#hoerenalive\" data-type=\"URL\" data-id=\"https:\/\/kopp-music.de\/?page_id=18#hoerenalive\" target=\"_blank\" rel=\"noreferrer noopener\">Reinh\u00f6ren<\/a><\/p>\n\n\n\n<p><a href=\"https:\/\/kopp-music.de\/wp-content\/uploads\/front-a-scaled.jpg\"><img loading=\"lazy\" decoding=\"async\" width=\"80\" height=\"64\" class=\"alignnone wp-image-77\" src=\"https:\/\/kopp-music.de\/wp-content\/uploads\/front-a-300x238.jpg\" alt=\"\" srcset=\"https:\/\/kopp-music.de\/wp-content\/uploads\/front-a-300x238.jpg 300w, https:\/\/kopp-music.de\/wp-content\/uploads\/front-a-1024x814.jpg 1024w, https:\/\/kopp-music.de\/wp-content\/uploads\/front-a-768x610.jpg 768w, https:\/\/kopp-music.de\/wp-content\/uploads\/front-a-1536x1220.jpg 1536w, https:\/\/kopp-music.de\/wp-content\/uploads\/front-a-2048x1627.jpg 2048w\" sizes=\"auto, (max-width: 80px) 100vw, 80px\" \/><\/a> J\u00fcrgen Kopp &#8211; Lebenszeichen<br>F\u00fcnftes Original-Musikalbum, 2016, 11 Lieder, Laufzeit 57.34 min, CD oder Digitale CD (wav) <br>&gt;&gt;&gt; <a href=\"https:\/\/kopp-music.de\/?page_id=11#albumlebenszeichen\" data-type=\"URL\" data-id=\"https:\/\/kopp-music.de\/?page_id=11#albumlebenszeichen\" target=\"_blank\" rel=\"noreferrer noopener\">Infos zum Album<\/a> &gt;&gt;&gt; <a href=\"https:\/\/kopp-music.de\/?page_id=18#hoerenlebenszeichen\" data-type=\"URL\" data-id=\"https:\/\/kopp-music.de\/?page_id=18#hoerenlebenszeichen\" target=\"_blank\" rel=\"noreferrer noopener\">Reinh\u00f6ren<\/a><\/p>\n\n\n\n<p><a href=\"https:\/\/kopp-music.de\/wp-content\/uploads\/cover-mittendrin-gross.jpg\"><img loading=\"lazy\" decoding=\"async\" width=\"80\" height=\"82\" class=\"alignnone wp-image-79\" src=\"https:\/\/kopp-music.de\/wp-content\/uploads\/cover-mittendrin-gross-291x300.jpg\" alt=\"\" srcset=\"https:\/\/kopp-music.de\/wp-content\/uploads\/cover-mittendrin-gross-291x300.jpg 291w, https:\/\/kopp-music.de\/wp-content\/uploads\/cover-mittendrin-gross.jpg 390w\" sizes=\"auto, (max-width: 80px) 100vw, 80px\" \/><\/a>&nbsp;J\u00fcrgen Kopp &#8211; Mittendrin<br>Viertes Original-Musikalbum, 2011, 10 Lieder, Laufzeit 50.25 min, CD oder Digitale CD (mp3 oder wav) <br>&gt;&gt;&gt; <a href=\"https:\/\/kopp-music.de\/?page_id=11#albummittendrin\" data-type=\"URL\" data-id=\"https:\/\/kopp-music.de\/?page_id=11#albummittendrin\" target=\"_blank\" rel=\"noreferrer noopener\">Infos zum Album<\/a> &gt;&gt;&gt; <a href=\"https:\/\/kopp-music.de\/?page_id=18#hoerenmittendrin\" data-type=\"URL\" data-id=\"https:\/\/kopp-music.de\/?page_id=18#hoerenmittendrin\" target=\"_blank\" rel=\"noreferrer noopener\">Reinh\u00f6ren<\/a><\/p>\n\n\n\n<p><a href=\"https:\/\/kopp-music.de\/wp-content\/uploads\/0-out-of-the-deep.jpg\"><img loading=\"lazy\" decoding=\"async\" width=\"80\" height=\"78\" class=\"alignnone wp-image-81\" src=\"https:\/\/kopp-music.de\/wp-content\/uploads\/0-out-of-the-deep-300x294.jpg\" alt=\"\" srcset=\"https:\/\/kopp-music.de\/wp-content\/uploads\/0-out-of-the-deep-300x294.jpg 300w, https:\/\/kopp-music.de\/wp-content\/uploads\/0-out-of-the-deep-768x754.jpg 768w, https:\/\/kopp-music.de\/wp-content\/uploads\/0-out-of-the-deep.jpg 959w\" sizes=\"auto, (max-width: 80px) 100vw, 80px\" \/><\/a>&nbsp;J\u00fcrgen Kopp &#8211; Out of the deep<br>Drittes Original-Musikalbum, 2009, 12 Lieder, Laufzeit 60.25 min, CD oder Digitale CD (mp3 oder wav) <br>&gt;&gt;&gt; <a href=\"https:\/\/kopp-music.de\/?page_id=11#albumout\" data-type=\"URL\" data-id=\"https:\/\/kopp-music.de\/?page_id=11#albumout\" target=\"_blank\" rel=\"noreferrer noopener\">Infos zum Album<\/a> &gt;&gt;&gt; <a href=\"https:\/\/kopp-music.de\/?page_id=18#hoerenout\" data-type=\"URL\" data-id=\"https:\/\/kopp-music.de\/?page_id=18#hoerenout\" target=\"_blank\" rel=\"noreferrer noopener\">Reinh\u00f6ren<\/a><\/p>\n\n\n\n<p><a href=\"https:\/\/kopp-music.de\/wp-content\/uploads\/0-sometimes-cover.jpg\"><img loading=\"lazy\" decoding=\"async\" width=\"80\" height=\"76\" class=\"alignnone wp-image-83\" src=\"https:\/\/kopp-music.de\/wp-content\/uploads\/0-sometimes-cover-300x285.jpg\" alt=\"\" srcset=\"https:\/\/kopp-music.de\/wp-content\/uploads\/0-sometimes-cover-300x285.jpg 300w, https:\/\/kopp-music.de\/wp-content\/uploads\/0-sometimes-cover.jpg 484w\" sizes=\"auto, (max-width: 80px) 100vw, 80px\" \/><\/a>&nbsp;J\u00fcrgen Kopp &#8211; Sometimes<br>Zweites Original-Musikalbum, 2004, 13 Lieder, Laufzeit 60.47 min, CD <br>&gt;&gt;&gt; <a href=\"https:\/\/kopp-music.de\/?page_id=11#albumsometimes\" data-type=\"URL\" data-id=\"https:\/\/kopp-music.de\/?page_id=11#albumsometimes\" target=\"_blank\" rel=\"noreferrer noopener\">Infos zum Album<\/a> &gt;&gt;&gt; <a href=\"https:\/\/kopp-music.de\/?page_id=18#hoerensometimes\" data-type=\"URL\" data-id=\"https:\/\/kopp-music.de\/?page_id=18#hoerensometimes\" target=\"_blank\" rel=\"noreferrer noopener\">Reinh\u00f6ren<\/a><\/p>\n\n\n\n<p><a href=\"https:\/\/kopp-music.de\/wp-content\/uploads\/claptonmitschrift2.jpg\"><img loading=\"lazy\" decoding=\"async\" width=\"80\" height=\"83\" class=\"alignnone wp-image-85\" src=\"https:\/\/kopp-music.de\/wp-content\/uploads\/claptonmitschrift2-290x300.jpg\" alt=\"\" srcset=\"https:\/\/kopp-music.de\/wp-content\/uploads\/claptonmitschrift2-290x300.jpg 290w, https:\/\/kopp-music.de\/wp-content\/uploads\/claptonmitschrift2.jpg 336w\" sizes=\"auto, (max-width: 80px) 100vw, 80px\" \/><\/a>&nbsp;J\u00fcrgen Kopp &#8211; Selfmade<br>Erstes Original-Musikalbum, 2002, 8 Lieder, Laufzeit 41.47 min, CD<br>&gt;&gt;&gt; <a href=\"https:\/\/kopp-music.de\/?page_id=11#albumselfmade\" data-type=\"URL\" data-id=\"https:\/\/kopp-music.de\/?page_id=11#albumselfmade\" target=\"_blank\" rel=\"noreferrer noopener\">Infos zum Album<\/a> &gt;&gt;&gt; <a href=\"https:\/\/kopp-music.de\/?page_id=18#hoerenselfmade\" data-type=\"URL\" data-id=\"https:\/\/kopp-music.de\/?page_id=18#hoerenselfmade\" target=\"_blank\" rel=\"noreferrer noopener\">Reinh\u00f6ren<\/a><\/p>\n\n\n<h3 id=\"Songbook\">\u00a0<\/h3>\n<p><strong>Songbook:<\/strong><\/p>\n<p><a href=\"https:\/\/kopp-music.de\/wp-content\/uploads\/img_20250514_185740_553-scaled.jpg\" target=\"_blank\" rel=\"noreferrer noopener\" data-type=\"attachment\" data-id=\"2768\"><img loading=\"lazy\" decoding=\"async\" class=\"wp-image-2768\" src=\"https:\/\/kopp-music.de\/wp-content\/uploads\/img_20250514_185740_553-scaled.jpg\" alt=\"\" width=\"237\" height=\"178\" srcset=\"https:\/\/kopp-music.de\/wp-content\/uploads\/img_20250514_185740_553-scaled.jpg 2560w, https:\/\/kopp-music.de\/wp-content\/uploads\/img_20250514_185740_553-300x225.jpg 300w, https:\/\/kopp-music.de\/wp-content\/uploads\/img_20250514_185740_553-1024x768.jpg 1024w, https:\/\/kopp-music.de\/wp-content\/uploads\/img_20250514_185740_553-768x576.jpg 768w, https:\/\/kopp-music.de\/wp-content\/uploads\/img_20250514_185740_553-1536x1152.jpg 1536w, https:\/\/kopp-music.de\/wp-content\/uploads\/img_20250514_185740_553-2048x1536.jpg 2048w\" sizes=\"auto, (max-width: 237px) 100vw, 237px\" \/><\/a> <br \/>J\u00fcrgen Kopp &#8211; Songbook: Din A4, 107 Seiten, Hardcover. <br \/>Das gro\u00dfe Songbook beinhaltet alle 78 Songs der ersten 7 Alben, alle Texte und Wissenswertes zu den Liedern. Au\u00dferdem alle Gitarrenakkorde mit Darstellung der Griffbilder, so wie J\u00fcrgen die Akkorde auf den Aufnahmen gespielt hat. Was es nicht bietet, ist eine Notierung im Notensystem. 35 Euro.<\/p>\n\n\n<p>J\u00fcrgen Kopp &#8211; Akkordhefte:<br><a href=\"https:\/\/kopp-music.de\/wp-content\/uploads\/songbook-cover-I-grau.jpg\" data-type=\"attachment\" data-id=\"854\" target=\"_blank\" rel=\"noreferrer noopener\"><img loading=\"lazy\" decoding=\"async\" width=\"70\" height=\"99\" class=\"wp-image-854\" style=\"width: 70px;\" src=\"https:\/\/kopp-music.de\/wp-content\/uploads\/songbook-cover-I-grau.jpg\" alt=\"\" srcset=\"https:\/\/kopp-music.de\/wp-content\/uploads\/songbook-cover-I-grau.jpg 1654w, https:\/\/kopp-music.de\/wp-content\/uploads\/songbook-cover-I-grau-212x300.jpg 212w, https:\/\/kopp-music.de\/wp-content\/uploads\/songbook-cover-I-grau-724x1024.jpg 724w, https:\/\/kopp-music.de\/wp-content\/uploads\/songbook-cover-I-grau-768x1086.jpg 768w, https:\/\/kopp-music.de\/wp-content\/uploads\/songbook-cover-I-grau-1086x1536.jpg 1086w, https:\/\/kopp-music.de\/wp-content\/uploads\/songbook-cover-I-grau-1448x2048.jpg 1448w\" sizes=\"auto, (max-width: 70px) 100vw, 70px\" \/><\/a> <a href=\"https:\/\/kopp-music.de\/wp-content\/uploads\/songbook-cover-ii-grau.jpg\" data-type=\"attachment\" data-id=\"853\" target=\"_blank\" rel=\"noreferrer noopener\"><img loading=\"lazy\" decoding=\"async\" width=\"70\" height=\"99\" class=\"wp-image-853\" style=\"width: 70px;\" src=\"https:\/\/kopp-music.de\/wp-content\/uploads\/songbook-cover-ii-grau.jpg\" alt=\"\" srcset=\"https:\/\/kopp-music.de\/wp-content\/uploads\/songbook-cover-ii-grau.jpg 695w, https:\/\/kopp-music.de\/wp-content\/uploads\/songbook-cover-ii-grau-212x300.jpg 212w\" sizes=\"auto, (max-width: 70px) 100vw, 70px\" \/><\/a> <a href=\"https:\/\/kopp-music.de\/wp-content\/uploads\/songbook-cover-III-grau.jpg\" data-type=\"attachment\" data-id=\"852\" target=\"_blank\" rel=\"noreferrer noopener\"><img loading=\"lazy\" decoding=\"async\" width=\"70\" height=\"99\" class=\"wp-image-852\" style=\"width: 70px;\" src=\"https:\/\/kopp-music.de\/wp-content\/uploads\/songbook-cover-III-grau.jpg\" alt=\"\" srcset=\"https:\/\/kopp-music.de\/wp-content\/uploads\/songbook-cover-III-grau.jpg 1092w, https:\/\/kopp-music.de\/wp-content\/uploads\/songbook-cover-III-grau-212x300.jpg 212w, https:\/\/kopp-music.de\/wp-content\/uploads\/songbook-cover-III-grau-724x1024.jpg 724w, https:\/\/kopp-music.de\/wp-content\/uploads\/songbook-cover-III-grau-768x1086.jpg 768w, https:\/\/kopp-music.de\/wp-content\/uploads\/songbook-cover-III-grau-1086x1536.jpg 1086w\" sizes=\"auto, (max-width: 70px) 100vw, 70px\" \/><\/a> <a href=\"https:\/\/kopp-music.de\/wp-content\/uploads\/songbook-cover-IV-grau.jpg\" data-type=\"attachment\" data-id=\"850\" target=\"_blank\" rel=\"noreferrer noopener\"><img loading=\"lazy\" decoding=\"async\" width=\"70\" height=\"99\" class=\"wp-image-850\" style=\"width: 70px;\" src=\"https:\/\/kopp-music.de\/wp-content\/uploads\/songbook-cover-IV-grau.jpg\" alt=\"\" srcset=\"https:\/\/kopp-music.de\/wp-content\/uploads\/songbook-cover-IV-grau.jpg 654w, https:\/\/kopp-music.de\/wp-content\/uploads\/songbook-cover-IV-grau-212x300.jpg 212w\" sizes=\"auto, (max-width: 70px) 100vw, 70px\" \/><\/a> <a href=\"https:\/\/kopp-music.de\/wp-content\/uploads\/songbook-cover-V-grau-scaled.jpg\" data-type=\"attachment\" data-id=\"849\" target=\"_blank\" rel=\"noreferrer noopener\"><img loading=\"lazy\" decoding=\"async\" width=\"70\" height=\"99\" class=\"wp-image-849\" style=\"width: 70px;\" src=\"https:\/\/kopp-music.de\/wp-content\/uploads\/songbook-cover-V-grau-scaled.jpg\" alt=\"\" srcset=\"https:\/\/kopp-music.de\/wp-content\/uploads\/songbook-cover-V-grau-scaled.jpg 1811w, https:\/\/kopp-music.de\/wp-content\/uploads\/songbook-cover-V-grau-212x300.jpg 212w, https:\/\/kopp-music.de\/wp-content\/uploads\/songbook-cover-V-grau-724x1024.jpg 724w, https:\/\/kopp-music.de\/wp-content\/uploads\/songbook-cover-V-grau-768x1086.jpg 768w, https:\/\/kopp-music.de\/wp-content\/uploads\/songbook-cover-V-grau-1086x1536.jpg 1086w, https:\/\/kopp-music.de\/wp-content\/uploads\/songbook-cover-V-grau-1449x2048.jpg 1449w\" sizes=\"auto, (max-width: 70px) 100vw, 70px\" \/><\/a> <a href=\"https:\/\/kopp-music.de\/wp-content\/uploads\/img_20210406_130100-scaled-e1620386350349.jpg\" data-type=\"attachment\" data-id=\"845\" target=\"_blank\" rel=\"noreferrer noopener\"><img loading=\"lazy\" decoding=\"async\" width=\"70\" height=\"100\" class=\"wp-image-845\" style=\"width: 70px;\" src=\"https:\/\/kopp-music.de\/wp-content\/uploads\/img_20210406_130100-scaled-e1620386350349.jpg\" alt=\"\" srcset=\"https:\/\/kopp-music.de\/wp-content\/uploads\/img_20210406_130100-scaled-e1620386350349.jpg 1740w, https:\/\/kopp-music.de\/wp-content\/uploads\/img_20210406_130100-scaled-e1620386350349-211x300.jpg 211w, https:\/\/kopp-music.de\/wp-content\/uploads\/img_20210406_130100-scaled-e1620386350349-719x1024.jpg 719w, https:\/\/kopp-music.de\/wp-content\/uploads\/img_20210406_130100-scaled-e1620386350349-768x1093.jpg 768w, https:\/\/kopp-music.de\/wp-content\/uploads\/img_20210406_130100-scaled-e1620386350349-1079x1536.jpg 1079w, https:\/\/kopp-music.de\/wp-content\/uploads\/img_20210406_130100-scaled-e1620386350349-1439x2048.jpg 1439w\" sizes=\"auto, (max-width: 70px) 100vw, 70px\" \/><\/a> <a href=\"https:\/\/kopp-music.de\/wp-content\/uploads\/Songbook-Cover-VII.jpg\" data-type=\"attachment\" data-id=\"2778\" target=\"_blank\" rel=\"noreferrer noopener\"><img loading=\"lazy\" decoding=\"async\" width=\"70\" height=\"100\" class=\"wp-image-2778\" style=\"width: 70px;\" src=\"https:\/\/kopp-music.de\/wp-content\/uploads\/Songbook-Cover-VII.jpg\" alt=\"\" srcset=\"https:\/\/kopp-music.de\/wp-content\/uploads\/Songbook-Cover-VII.jpg 475w, https:\/\/kopp-music.de\/wp-content\/uploads\/Songbook-Cover-VII-210x300.jpg 210w\" sizes=\"auto, (max-width: 70px) 100vw, 70px\" \/><\/a><br>Die kleinen Akkordhefte sind noch verf\u00fcgbar solange der Vorrat reicht, sie sind &#8218;kleine Songbooks&#8216;, die jeweils die Lieder eines einzigen Albums beinhalten &#8211; mit Texten und Gitarrenakkorden (keine Noten-Notierung). Faltbl\u00e4tter mit jeweils 16 Seiten. Je 10 Euro.<br><\/p>\n\n\n\n<h3 class=\"wp-block-heading\" id=\"Bestellhinweise\"><strong>&gt;&gt; Bestellhinweise<\/strong><\/h3>\n\n\n\n<p>Die <strong>CDs<\/strong> werden eigens f\u00fcr jede Bestellung gebrannt und tragen die Unterschrift des K\u00fcnstlers. <br>Auch <strong>Digitale CDs<\/strong> k\u00f6nnen versandt werden, dies sind digitale Lieddateien (mp3 oder wav), die per mail zugeschickt werden, hierbei wird keine CD verschickt. <br>Die <strong>Angaben f\u00fcr die Zusendung<\/strong>:<br>&#8211; Name, Anschrift, Email-Adresse, was wird bestellt? CD oder DIGITALE CD?<br>Die <strong>Bestellungen bitte per Email<\/strong> an folgende Adresse absenden: <a href=\"mailto:contact@kopp-music.de?\">contact@kopp-music.de<\/a> <br>Die <strong>Bezahlung<\/strong> erfolgt per Bank\u00fcberweisung nach Erhalt.<br>Die <strong>Preise<\/strong>: 1 CD 10 Euro, 2 CDs 18 Euro, Songbook 35 Euro, Akkordheft 10 Euro &#8211; solange der Vorrat reicht.<\/p>\n\n\n\n<p>Dies ist kein kommerzieller Bestell-Shop, sondern die bescheidene M\u00f6glichkeit eines Hobby-Musikers, seine Musik zu teilen. Die Preise sind g\u00fcnstig und nicht gewinnorientiert &#8211; vielleich reicht es ja mal f\u00fcr einen Satz neue Gitarrensaiten&#8230;<\/p>\n\n\n\n<p><\/p>\n\n\n\n<p>Alle Daten (Name, Adresse, Email-Adresse) werden ausschlie\u00dflich f\u00fcr den Bestellvorgang verwendet und nicht an Dritte weitergegeben. Weitere Informationen zum Schutz pers\u00f6nlicher Daten finden sich unter <a href=\"https:\/\/kopp-music.de\/?page_id=31#datenschutz\">Datenschutz<\/a>.<\/p>\n\n\n<pre class=\"wp-block-preformatted\"><a href=\"https:\/\/kopp-music.de\/?page_id=31\">Kontakt<\/a>  \/  <a href=\"https:\/\/kopp-music.de\/?page_id=31#datenschutz\">Datenschutz<\/a>  \/  <a href=\"https:\/\/kopp-music.de\/?page_id=31#impressum\">Impressum<\/a><\/pre>\n\n\n<p><\/p>\n","protected":false},"excerpt":{"rendered":"<p>J\u00fcrgens Musik ist bei s\u00e4mtlichen Internet-Streaming-Diensten verf\u00fcgbar. CDs und Songbooks gibt es nur bei ihm, nicht im Fachhandel. F\u00fcr 10 Euro schickt er gerne eine CD oder eine Digitale CD zu (bei letzterer werden lediglich digitale Lieddateien mp3\/wav per mail zugeschickt, keine echte CD ). Ebenfalls f\u00fcr 10 Euro gibt es die Akkordhefte (jeweils f\u00fcr &hellip; <\/p>\n<p class=\"link-more\"><a href=\"https:\/\/kopp-music.de\/?page_id=1822\" class=\"more-link\"><span class=\"screen-reader-text\">\u201eBestell-Bar\u201c <\/span>weiterlesen<\/a><\/p>\n","protected":false},"author":1,"featured_media":0,"parent":0,"menu_order":0,"comment_status":"closed","ping_status":"closed","template":"","meta":{"footnotes":""},"class_list":["post-1822","page","type-page","status-publish","hentry"],"_links":{"self":[{"href":"https:\/\/kopp-music.de\/index.php?rest_route=\/wp\/v2\/pages\/1822","targetHints":{"allow":["GET"]}}],"collection":[{"href":"https:\/\/kopp-music.de\/index.php?rest_route=\/wp\/v2\/pages"}],"about":[{"href":"https:\/\/kopp-music.de\/index.php?rest_route=\/wp\/v2\/types\/page"}],"author":[{"embeddable":true,"href":"https:\/\/kopp-music.de\/index.php?rest_route=\/wp\/v2\/users\/1"}],"replies":[{"embeddable":true,"href":"https:\/\/kopp-music.de\/index.php?rest_route=%2Fwp%2Fv2%2Fcomments&post=1822"}],"version-history":[{"count":162,"href":"https:\/\/kopp-music.de\/index.php?rest_route=\/wp\/v2\/pages\/1822\/revisions"}],"predecessor-version":[{"id":3019,"href":"https:\/\/kopp-music.de\/index.php?rest_route=\/wp\/v2\/pages\/1822\/revisions\/3019"}],"wp:attachment":[{"href":"https:\/\/kopp-music.de\/index.php?rest_route=%2Fwp%2Fv2%2Fmedia&parent=1822"}],"curies":[{"name":"wp","href":"https:\/\/api.w.org\/{rel}","templated":true}]}}