{"id":18,"date":"2020-04-28T13:25:04","date_gmt":"2020-04-28T13:25:04","guid":{"rendered":"http:\/\/kopp-music.de\/?page_id=18"},"modified":"2023-07-05T12:42:13","modified_gmt":"2023-07-05T12:42:13","slug":"musik-hoeren","status":"publish","type":"page","link":"https:\/\/kopp-music.de\/?page_id=18","title":{"rendered":"Songs anh\u00f6ren"},"content":{"rendered":"\n<h2 class=\"wp-block-heading has-black-color has-text-color\">H\u00f6rbeispiele aus jedem Album:<\/h2>\n\n\n<p><a name=\"hoereneinzel\"><\/a><\/p>\n<h1>Aus dem Album EINZELST\u00dcCKE:<br \/>(Alternative Songversionen)<\/h1>\n\n\n<div class=\"wp-block-columns is-layout-flex wp-container-core-columns-is-layout-9d6595d7 wp-block-columns-is-layout-flex\">\n<div class=\"wp-block-column is-layout-flow wp-block-column-is-layout-flow\">\n<figure class=\"wp-block-audio\"><audio controls src=\"https:\/\/kopp-music.de\/wp-content\/uploads\/02-Manouche.mp3\"><\/audio><figcaption class=\"wp-element-caption\">J\u00fcrgen Kopp &#8211; Manouche<br><em>Original aus dem Album CATCH THE SUN<\/em> <\/figcaption><\/figure>\n\n\n\n<figure class=\"wp-block-audio\"><audio controls src=\"https:\/\/kopp-music.de\/wp-content\/uploads\/03-Midnight-sun.mp3\"><\/audio><figcaption class=\"wp-element-caption\">J\u00fcrgen Kopp &#8211; Midnight sun<br><em>Original aus dem Album SOMETIMES<\/em><\/figcaption><\/figure>\n<\/div>\n\n\n\n<div class=\"wp-block-column is-layout-flow wp-block-column-is-layout-flow\">\n<figure class=\"wp-block-audio\"><audio controls src=\"https:\/\/kopp-music.de\/wp-content\/uploads\/01-Ein-kuhl.mp3\"><\/audio><figcaption class=\"wp-element-caption\">J\u00fcrgen Kopp &#8211; Eim kuhl<br><em>Original aus dem Album CATCH THE SUN<\/em><\/figcaption><\/figure>\n\n\n\n<figure class=\"wp-block-audio\"><audio controls src=\"https:\/\/kopp-music.de\/wp-content\/uploads\/07-Catch-the-sun.mp3\"><\/audio><figcaption class=\"wp-element-caption\">J\u00fcrgen Kopp &#8211; Catch the sun<br><em>Original aus dem Album CATCH THE SUN<\/em><\/figcaption><\/figure>\n<\/div>\n<\/div>\n\n\n\n<div class=\"wp-block-columns is-layout-flex wp-container-core-columns-is-layout-9d6595d7 wp-block-columns-is-layout-flex\"><\/div>\n\n\n<p><a name=\"hoerencatch\"><\/a><\/p>\n\n\n<h1 class=\"wp-block-heading\"><a name=\"hoerenalive\"><\/a>Aus CATCH THE SUN:  <\/h1>\n\n\n\n<div class=\"wp-block-columns is-layout-flex wp-container-core-columns-is-layout-9d6595d7 wp-block-columns-is-layout-flex\">\n<div class=\"wp-block-column is-layout-flow wp-block-column-is-layout-flow\">\n<figure class=\"wp-block-audio\"><audio controls src=\"https:\/\/kopp-music.de\/wp-content\/uploads\/Juergen-Kopp_Promenade-a-Paris.mp3\"><\/audio><figcaption class=\"wp-element-caption\">J\u00fcrgen Kopp &#8211; Promenade \u00e0 Paris<\/figcaption><\/figure>\n\n\n\n<figure class=\"wp-block-audio\"><audio controls src=\"https:\/\/kopp-music.de\/wp-content\/uploads\/Juergen-Kopp_Eim-kuhl.mp3\"><\/audio><figcaption class=\"wp-element-caption\">J\u00fcrgen Kopp &#8211; Eim kuhl<\/figcaption><\/figure>\n<\/div>\n\n\n\n<div class=\"wp-block-column is-layout-flow wp-block-column-is-layout-flow\">\n<figure class=\"wp-block-audio\"><audio controls src=\"https:\/\/kopp-music.de\/wp-content\/uploads\/Juergen-Kopp_Wake-up-and-feed-the-cat.mp3\"><\/audio><figcaption class=\"wp-element-caption\">J\u00fcrgen Kopp &#8211; Wake up and feed the cat<\/figcaption><\/figure>\n\n\n\n<figure class=\"wp-block-audio\"><audio controls src=\"https:\/\/kopp-music.de\/wp-content\/uploads\/Juergen-Kopp_Blind-fate.mp3\"><\/audio><figcaption class=\"wp-element-caption\">J\u00fcrgen Kopp &#8211; Blind fate<\/figcaption><\/figure>\n<\/div>\n<\/div>\n\n\n<p><a name=\"hoerenalive\"><\/a><\/p>\n\n\n<h1 class=\"wp-block-heading\">Aus ALIVE AND EASY:<\/h1>\n\n\n\n<div class=\"wp-block-columns is-layout-flex wp-container-core-columns-is-layout-9d6595d7 wp-block-columns-is-layout-flex\">\n<div class=\"wp-block-column is-layout-flow wp-block-column-is-layout-flow\">\n<figure class=\"wp-block-audio\"><audio controls src=\"https:\/\/kopp-music.de\/wp-content\/uploads\/juergen-kopp_circus-of-life.mp3\"><\/audio><figcaption class=\"wp-element-caption\">J\u00fcrgen Kopp &#8211; Circus of life<\/figcaption><\/figure>\n\n\n\n<figure class=\"wp-block-audio\"><audio controls src=\"https:\/\/kopp-music.de\/wp-content\/uploads\/juergen-kopp_blues-for-two.mp3\"><\/audio><figcaption class=\"wp-element-caption\">J\u00fcrgen Kopp &#8211; Blues for two<\/figcaption><\/figure>\n\n\n\n<p><\/p>\n<\/div>\n\n\n\n<div class=\"wp-block-column is-layout-flow wp-block-column-is-layout-flow\">\n<figure class=\"wp-block-audio\"><audio controls src=\"https:\/\/kopp-music.de\/wp-content\/uploads\/juergen-kopp_power-of-soul.mp3\"><\/audio><figcaption class=\"wp-element-caption\">J\u00fcrgen Kopp &#8211; Power of soul<\/figcaption><\/figure>\n\n\n\n<figure class=\"wp-block-audio\"><audio controls src=\"https:\/\/kopp-music.de\/wp-content\/uploads\/juergen-kopp_i-m-alive.mp3\"><\/audio><figcaption class=\"wp-element-caption\">J\u00fcrgen Kopp &#8211; I&#8217;m alive<\/figcaption><\/figure>\n\n\n\n<p><\/p>\n<\/div>\n<\/div>\n\n\n<p><a name=\"hoerenlebenszeichen\"><\/a><\/p>\n<h1>Aus LEBENSZEICHEN:<\/h1>\n\n\n<div class=\"wp-block-columns is-layout-flex wp-container-core-columns-is-layout-9d6595d7 wp-block-columns-is-layout-flex\">\n<div class=\"wp-block-column is-layout-flow wp-block-column-is-layout-flow\">\n<figure class=\"wp-block-audio\"><audio controls src=\"https:\/\/kopp-music.de\/wp-content\/uploads\/juergen-kopp_mcmuffin.mp3\"><\/audio><figcaption class=\"wp-element-caption\">J\u00fcrgen Kopp &#8211; Ballade von McMuffin<\/figcaption><\/figure>\n\n\n\n<figure class=\"wp-block-audio\"><audio controls src=\"https:\/\/kopp-music.de\/wp-content\/uploads\/juergen-kopp_wherever-you-are.mp3\"><\/audio><figcaption class=\"wp-element-caption\">J\u00fcrgen Kopp &#8211; Where ever you are<\/figcaption><\/figure>\n<\/div>\n\n\n\n<div class=\"wp-block-column is-layout-flow wp-block-column-is-layout-flow\">\n<figure class=\"wp-block-audio\"><audio controls src=\"https:\/\/kopp-music.de\/wp-content\/uploads\/juergen-kopp_for-you.mp3\"><\/audio><figcaption class=\"wp-element-caption\">J\u00fcrgen Kopp &#8211; For you<\/figcaption><\/figure>\n\n\n\n<figure class=\"wp-block-audio\"><audio controls src=\"https:\/\/kopp-music.de\/wp-content\/uploads\/juergen-kopp_wir-paddeln-in-pfuetzen.mp3\"><\/audio><figcaption class=\"wp-element-caption\">J\u00fcrgen Kopp &#8211; Wir paddeln in Pf\u00fctzen<\/figcaption><\/figure>\n<\/div>\n<\/div>\n\n\n<p><a name=\"hoerenmittendrin\"><\/a><\/p>\n<h1>Aus MITTENDRIN:<\/h1>\n\n\n<div class=\"wp-block-columns is-layout-flex wp-container-core-columns-is-layout-9d6595d7 wp-block-columns-is-layout-flex\">\n<div class=\"wp-block-column is-layout-flow wp-block-column-is-layout-flow\">\n<figure class=\"wp-block-audio\"><audio controls src=\"https:\/\/kopp-music.de\/wp-content\/uploads\/juergen-kopp_running-on.mp3\"><\/audio><figcaption class=\"wp-element-caption\">J\u00fcrgen Kopp &#8211; Running on<\/figcaption><\/figure>\n\n\n\n<figure class=\"wp-block-audio\"><audio controls src=\"https:\/\/kopp-music.de\/wp-content\/uploads\/juergen-dt-kopp_jeder-schlaf-ein-kleiner-tod.mp3\"><\/audio><figcaption class=\"wp-element-caption\">J\u00fcrgen Kopp &#8211; Jeder Schlaf ein kleiner Tod<\/figcaption><\/figure>\n<\/div>\n\n\n\n<div class=\"wp-block-column is-layout-flow wp-block-column-is-layout-flow\">\n<figure class=\"wp-block-audio\"><audio controls src=\"https:\/\/kopp-music.de\/wp-content\/uploads\/juergen-kopp_frosch-im-hals.mp3\"><\/audio><figcaption class=\"wp-element-caption\">J\u00fcrgen Kopp &#8211; Frosch im Hals<\/figcaption><\/figure>\n\n\n\n<figure class=\"wp-block-audio\"><audio controls src=\"https:\/\/kopp-music.de\/wp-content\/uploads\/juergen-kopp_undercover-lover.mp3\"><\/audio><figcaption class=\"wp-element-caption\">J\u00fcrgen Kopp &#8211; Undercover lover<\/figcaption><\/figure>\n<\/div>\n<\/div>\n\n\n<p><a name=\"hoerenout\"><\/a><\/p>\n<h1>Aus OUT OF THE DEEP:<\/h1>\n\n\n<div class=\"wp-block-columns is-layout-flex wp-container-core-columns-is-layout-9d6595d7 wp-block-columns-is-layout-flex\">\n<div class=\"wp-block-column is-layout-flow wp-block-column-is-layout-flow\">\n<figure class=\"wp-block-audio\"><audio controls src=\"https:\/\/kopp-music.de\/wp-content\/uploads\/juergen-dt-kopp_fluesterton.mp3\"><\/audio><figcaption class=\"wp-element-caption\">J\u00fcrgen Kopp &#8211; Fl\u00fcsterton<\/figcaption><\/figure>\n\n\n\n<figure class=\"wp-block-audio\"><audio controls src=\"https:\/\/kopp-music.de\/wp-content\/uploads\/juergen-dt-kopp_crazy-strings.mp3\"><\/audio><figcaption class=\"wp-element-caption\">J\u00fcrgen Kopp &#8211; Crazy strings<\/figcaption><\/figure>\n<\/div>\n\n\n\n<div class=\"wp-block-column is-layout-flow wp-block-column-is-layout-flow\">\n<figure class=\"wp-block-audio\"><audio controls src=\"https:\/\/kopp-music.de\/wp-content\/uploads\/juergen-dt-kopp_changes-1.mp3\"><\/audio><figcaption class=\"wp-element-caption\">J\u00fcrgen Kopp &#8211; Changes I<\/figcaption><\/figure>\n\n\n\n<figure class=\"wp-block-audio\"><audio controls src=\"https:\/\/kopp-music.de\/wp-content\/uploads\/juergen-dt-kopp_snooze.mp3\"><\/audio><figcaption class=\"wp-element-caption\">J\u00fcrgen Kopp &#8211; Snooze<\/figcaption><\/figure>\n\n\n\n<p><\/p>\n<\/div>\n<\/div>\n\n\n<p><a name=\"hoerensometimes\"><\/a><\/p>\n<h1>Aus SOMETIMES:<\/h1>\n\n\n<div class=\"wp-block-columns is-layout-flex wp-container-core-columns-is-layout-9d6595d7 wp-block-columns-is-layout-flex\">\n<div class=\"wp-block-column is-layout-flow wp-block-column-is-layout-flow\">\n<figure class=\"wp-block-audio\"><audio controls src=\"https:\/\/kopp-music.de\/wp-content\/uploads\/juergen-dt-kopp_jeden-morgen.mp3\"><\/audio><figcaption class=\"wp-element-caption\">J\u00fcrgen Kopp &#8211; Jeden Morgen<\/figcaption><\/figure>\n\n\n\n<figure class=\"wp-block-audio\"><audio controls src=\"https:\/\/kopp-music.de\/wp-content\/uploads\/juergen-dt-kopp_sometimes.mp3\"><\/audio><figcaption class=\"wp-element-caption\">J\u00fcrgen Kopp &#8211; Sometimes<\/figcaption><\/figure>\n<\/div>\n\n\n\n<div class=\"wp-block-column is-layout-flow wp-block-column-is-layout-flow\">\n<figure class=\"wp-block-audio\"><audio controls src=\"https:\/\/kopp-music.de\/wp-content\/uploads\/juergen-dt-kopp_no-matter-of-fate.mp3\"><\/audio><figcaption class=\"wp-element-caption\">J\u00fcrgen Kopp &#8211; No matter of fate<\/figcaption><\/figure>\n\n\n\n<figure class=\"wp-block-audio\"><audio controls src=\"https:\/\/kopp-music.de\/wp-content\/uploads\/juergen-dt-kopp_5-vor-3.mp3\"><\/audio><figcaption class=\"wp-element-caption\">J\u00fcrgen Kopp &#8211; 5 vor 3<\/figcaption><\/figure>\n<\/div>\n<\/div>\n\n\n<p><a name=\"hoerenselfmade\"><\/a><\/p>\n<h1>Aus SELFMADE:<\/h1>\n\n\n<div class=\"wp-block-columns is-layout-flex wp-container-core-columns-is-layout-9d6595d7 wp-block-columns-is-layout-flex\">\n<div class=\"wp-block-column is-layout-flow wp-block-column-is-layout-flow\">\n<figure class=\"wp-block-audio\"><audio controls src=\"https:\/\/kopp-music.de\/wp-content\/uploads\/juergen-dt-kopp_living-faces-in-dead-frames.mp3\"><\/audio><figcaption class=\"wp-element-caption\">J\u00fcrgen Kopp &#8211; Living faces in dead frames<\/figcaption><\/figure>\n\n\n\n<figure class=\"wp-block-audio\"><audio controls src=\"https:\/\/kopp-music.de\/wp-content\/uploads\/juergen-dt-kopp_all-my-friends.mp3\"><\/audio><figcaption class=\"wp-element-caption\">J\u00fcrgen Kopp &#8211; All my friends<\/figcaption><\/figure>\n<\/div>\n\n\n\n<div class=\"wp-block-column is-layout-flow wp-block-column-is-layout-flow\">\n<figure class=\"wp-block-audio\"><audio controls src=\"https:\/\/kopp-music.de\/wp-content\/uploads\/juergen-dt-kopp_still-i-ve-got-time.mp3\"><\/audio><figcaption class=\"wp-element-caption\">J\u00fcrgen Kopp &#8211; Still I&#8217;ve got time<\/figcaption><\/figure>\n\n\n\n<figure class=\"wp-block-audio\"><audio controls src=\"https:\/\/kopp-music.de\/wp-content\/uploads\/juergen-dt-kopp_you-ve-got-the-power.mp3\"><\/audio><figcaption class=\"wp-element-caption\">J\u00fcrgen Kopp &#8211; You&#8217;ve got the power<\/figcaption><\/figure>\n<\/div>\n<\/div>\n\n\n<p><a name=\"hoerenraiss\"><\/a><\/p>\n<h1>Aus THE RAISS:<\/h1>\n<p>(J\u00fcrgens fr\u00fchere Band)<\/p>\n\n\n<div class=\"wp-block-columns is-layout-flex wp-container-core-columns-is-layout-9d6595d7 wp-block-columns-is-layout-flex\">\n<div class=\"wp-block-column is-layout-flow wp-block-column-is-layout-flow\">\n<figure class=\"wp-block-audio\"><audio controls src=\"https:\/\/kopp-music.de\/wp-content\/uploads\/raiss_thousand-miles-away.mp3\"><\/audio><figcaption class=\"wp-element-caption\">The Raiss &#8211; Thousand miles away (Kopp)<\/figcaption><\/figure>\n<\/div>\n\n\n\n<div class=\"wp-block-column is-layout-flow wp-block-column-is-layout-flow\">\n<figure class=\"wp-block-audio\"><audio controls src=\"https:\/\/kopp-music.de\/wp-content\/uploads\/raiss_running-on.mp3\"><\/audio><figcaption class=\"wp-element-caption\">The Raiss &#8211; Running on (Kopp)<\/figcaption><\/figure>\n<\/div>\n<\/div>\n\n\n\n<p><br><strong>Album beim K\u00fcnstler kaufen <mark style=\"background-color:rgba(0, 0, 0, 0)\" class=\"has-inline-color has-luminous-vivid-orange-color\"><\/mark>:<\/strong><br><strong>CDs<\/strong> gibt es direkt bei J\u00fcrgen, digital versendet er auf Bestellung <strong>wav- oder mp3-Dateien<\/strong> per mail, weitere Infos dazu in der <a href=\"https:\/\/kopp-music.de\/?page_id=1822\" data-type=\"page\" data-id=\"1822\" target=\"_blank\" rel=\"noreferrer noopener\">Bestell-Bar<\/a> <br><strong>Im Netz streamen oder digital kaufen:<\/strong><br>J\u00fcrgens Musik ist bei allen g\u00e4ngigen Internetanbietern verf\u00fcgbar, hier ein paar Beispiele:<br><a rel=\"noreferrer noopener\" href=\"https:\/\/open.spotify.com\/artist\/2UlnlSHtrwR9wS58TmgTnr\" target=\"_blank\">Spotify<\/a> \/\/\/\/ <a rel=\"noreferrer noopener\" href=\"https:\/\/itunes.apple.com\/de\/album\/id1448714391\" target=\"_blank\">iTunes apple music<\/a> \/\/\/\/ <a rel=\"noreferrer noopener\" href=\"https:\/\/deezer.com\/de\/album\/48766062\" target=\"_blank\">Deezer<\/a> \/\/\/\/ <a rel=\"noreferrer noopener\" href=\"https:\/\/play.google.com\/store\/music\/artist\/J%C3%BCrgen_Kopp?id=Ajk2bcy5lxzfjuucljnxo4ycic4\" target=\"_blank\">Google Play<\/a> \/\/\/\/ <a rel=\"noreferrer noopener\" href=\"https:\/\/www.amazon.de\/s\/ref=nb_sb_noss_2?__mk_de_DE=%C3%85M%C3%85%C5%BD%C3%95%C3%91&amp;url=search-alias%3Ddigital-music&amp;field-keywords=J%C3%BCrgen+Kopp\" target=\"_blank\">amazon mp3<\/a><\/p>\n\n\n<p><a name=\"engl\"><\/a> <br data-rich-text-line-break=\"true\"><span class=\"has-inline-color has-vivid-cyan-blue-color\"><span style=\"color: #3366ff;\"><strong>English:&nbsp; <span style=\"color: #000000;\">More music &#8211; Buying CDs \/ Streaming or Buying digital Songs:<\/span><\/strong><br><span style=\"color: #000000;\">J\u00fcrgen sells his CDs, just send him a mail for more informations (<\/span><\/span><\/span><a href=\"mailto:contact@kopp-music.de?\">contact@kopp-music.de<\/a><span class=\"has-inline-color has-vivid-cyan-blue-color\"><span style=\"color: #3366ff;\"><span style=\"color: #000000;\">). You can also stream his music or buy digital albums at many Internet-platforms, for example here:<\/span>&nbsp;<\/span> <br><\/span><a href=\"https:\/\/open.spotify.com\/artist\/2UlnlSHtrwR9wS58TmgTnr\" target=\"_blank\" rel=\"noopener noreferrer\">Spotify<\/a> \/\/\/\/ <a href=\"https:\/\/itunes.apple.com\/de\/album\/id1448714391\" target=\"_blank\" rel=\"noopener noreferrer\">iTunes apple music<\/a> \/\/\/\/ <a href=\"https:\/\/deezer.com\/de\/album\/48766062\" target=\"_blank\" rel=\"noopener noreferrer\">Deezer<\/a> \/\/\/\/ <a href=\"https:\/\/play.google.com\/store\/music\/artist\/J%C3%BCrgen_Kopp?id=Ajk2bcy5lxzfjuucljnxo4ycic4\" target=\"_blank\" rel=\"noopener noreferrer\">Google Play<\/a> \/\/\/\/ <a href=\"https:\/\/www.amazon.de\/s\/ref=nb_sb_noss_2?__mk_de_DE=%C3%85M%C3%85%C5%BD%C3%95%C3%91&amp;url=search-alias%3Ddigital-music&amp;field-keywords=J%C3%BCrgen+Kopp\" target=\"_blank\" rel=\"noopener noreferrer\">amazon mp3<\/a><\/p>\n<p><a name=\"frz\"><\/a> <strong data-rich-text-format-boundary=\"true\"><span class=\"has-inline-color has-luminous-vivid-orange-color\">Francais:&nbsp; <span style=\"color: #000000;\">Plus de musique &#8211; Acheter une CD \/ Ecouter ou acheter sur l&#8217;internet:<\/span><\/span><\/strong><br data-rich-text-line-break=\"true\"><span style=\"color: #000000;\"><span class=\"has-inline-color has-luminous-vivid-orange-color\"><span style=\"color: #000000;\">J\u00fcrgen vend ses CDs, si vous voulez acheter une CD s.v.p. lui envoyez une email pour plus d&#8217;informations (<\/span><\/span><a style=\"color: #000000;\" href=\"mailto:contact@kopp-music.de?\">contact@kopp-music.de<\/a><\/span><span class=\"has-inline-color has-luminous-vivid-orange-color\"><span style=\"color: #000000;\">). Autre possibilit\u00e9: Vous pouvez \u00e9couter ou acheter son musique aux beaucoup de distributeurs sur l&#8217;internet, pour example ici:<\/span><br><\/span><a href=\"https:\/\/open.spotify.com\/artist\/2UlnlSHtrwR9wS58TmgTnr\" target=\"_blank\" rel=\"noopener noreferrer\">Spotify<\/a> \/\/\/\/ <a href=\"https:\/\/itunes.apple.com\/de\/album\/id1448714391\" target=\"_blank\" rel=\"noopener noreferrer\">iTunes apple music<\/a> \/\/\/\/ <a href=\"https:\/\/deezer.com\/de\/album\/48766062\" target=\"_blank\" rel=\"noopener noreferrer\">Deezer<\/a> \/\/\/\/ <a href=\"https:\/\/play.google.com\/store\/music\/artist\/J%C3%BCrgen_Kopp?id=Ajk2bcy5lxzfjuucljnxo4ycic4\" target=\"_blank\" rel=\"noopener noreferrer\">Google Play<\/a> \/\/\/\/ <a href=\"https:\/\/www.amazon.de\/s\/ref=nb_sb_noss_2?__mk_de_DE=%C3%85M%C3%85%C5%BD%C3%95%C3%91&amp;url=search-alias%3Ddigital-music&amp;field-keywords=J%C3%BCrgen+Kopp\" target=\"_blank\" rel=\"noopener noreferrer\">amazon mp3<\/a><\/p>\n<p><\/p>\n<p><a href=\"https:\/\/kopp-music.de\/\">zur\u00fcck zur Startseite<\/a><\/p>\n\n\n<p><\/p>\n","protected":false},"excerpt":{"rendered":"<p>H\u00f6rbeispiele aus jedem Album: Aus dem Album EINZELST\u00dcCKE:(Alternative Songversionen) Aus CATCH THE SUN: Aus ALIVE AND EASY: Aus LEBENSZEICHEN: Aus MITTENDRIN: Aus OUT OF THE DEEP: Aus SOMETIMES: Aus SELFMADE: Aus THE RAISS: (J\u00fcrgens fr\u00fchere Band) Album beim K\u00fcnstler kaufen :CDs gibt es direkt bei J\u00fcrgen, digital versendet er auf Bestellung wav- oder mp3-Dateien per &hellip; <\/p>\n<p class=\"link-more\"><a href=\"https:\/\/kopp-music.de\/?page_id=18\" class=\"more-link\"><span class=\"screen-reader-text\">\u201eSongs anh\u00f6ren\u201c <\/span>weiterlesen<\/a><\/p>\n","protected":false},"author":1,"featured_media":0,"parent":0,"menu_order":0,"comment_status":"closed","ping_status":"closed","template":"","meta":{"footnotes":""},"class_list":["post-18","page","type-page","status-publish","hentry"],"_links":{"self":[{"href":"https:\/\/kopp-music.de\/index.php?rest_route=\/wp\/v2\/pages\/18","targetHints":{"allow":["GET"]}}],"collection":[{"href":"https:\/\/kopp-music.de\/index.php?rest_route=\/wp\/v2\/pages"}],"about":[{"href":"https:\/\/kopp-music.de\/index.php?rest_route=\/wp\/v2\/types\/page"}],"author":[{"embeddable":true,"href":"https:\/\/kopp-music.de\/index.php?rest_route=\/wp\/v2\/users\/1"}],"replies":[{"embeddable":true,"href":"https:\/\/kopp-music.de\/index.php?rest_route=%2Fwp%2Fv2%2Fcomments&post=18"}],"version-history":[{"count":65,"href":"https:\/\/kopp-music.de\/index.php?rest_route=\/wp\/v2\/pages\/18\/revisions"}],"predecessor-version":[{"id":2455,"href":"https:\/\/kopp-music.de\/index.php?rest_route=\/wp\/v2\/pages\/18\/revisions\/2455"}],"wp:attachment":[{"href":"https:\/\/kopp-music.de\/index.php?rest_route=%2Fwp%2Fv2%2Fmedia&parent=18"}],"curies":[{"name":"wp","href":"https:\/\/api.w.org\/{rel}","templated":true}]}}