{"id":1303,"date":"2021-11-03T16:32:28","date_gmt":"2021-11-03T16:32:28","guid":{"rendered":"https:\/\/kopp-music.de\/?page_id=1303"},"modified":"2025-03-27T16:56:54","modified_gmt":"2025-03-27T16:56:54","slug":"blues-prog-jazz-singer-songwriter-balladen","status":"publish","type":"page","link":"https:\/\/kopp-music.de\/?page_id=1303","title":{"rendered":"J\u00fcrgens Musik auf den Punkt gebracht"},"content":{"rendered":"\n<p><\/p>\n\n\n\n<p><strong>Charakteristik der Musik:<\/strong><br>Was J\u00fcrgens Musik ausmacht ist zum einen sein Gitarrenspiel, das den Liedern Gef\u00fchl und Tiefe verleiht, das gilt f\u00fcr die gezupften Akustikgitarren ebenso wie f\u00fcr die Solo-Melodien der E-Gitarren. Zum anderen sind es die gelungenen Arrangements, die mit spannenden Wendungen immer wieder f\u00fcr \u00dcberraschungen sorgen \u2013 besonders bei den l\u00e4ngeren Liedern. Es ist ehrliche und authentische Musik ohne Showgehabe. J\u00fcrgen ist kein extrovertierter Live-Gitarrist, sondern spielt ohne Matcho-Getue, vergleichbar mit Tom Petty oder Steve Hackett.<\/p>\n\n\n\n<p><strong>Der Musikstil:<\/strong><br>Ob Rocksongs oder Folk-Balladen, ob diffizile Progsongs oder leichte Singer-Songwriter-Lieder, ob leise Akustikgitarren oder opulente Instrumentierung &#8211; J\u00fcrgen verbindet Classic Rock, Prog, Blues und Jazz zu einem ganz eigenen Stil und schafft ein wunderbares H\u00f6rvergn\u00fcgen. Es ist, als ob die Musikstile wie gute alte Freunde zusammenkommen und eine gute Zeit miteinander haben &#8211; und was von jedem Treffen bleibt ist ein neues Album. &#8222;Zu unterschiedlich&#8220; sagen manche, &#8222;zu uneinheitlich die Songs&#8220;,  doch gerade das ist die St\u00e4rke seiner Alben, diese F\u00fclle an kreativer Vielseitigkeit. Ein Versuch, einzelne Titel bestimmten Genres zuzuordnen findet sich am Ende dieser Rezension.<\/p>\n\n\n\n<p><strong>Die Texte:<\/strong><br>Treffsichere Formulierungen, gute Reime. Die Lieder handeln vom Leben wie wir es alle kennen. Die Texte hinterfragen, verstehen und ermutigen in Lebenssituationen, mit denen man sich gut identifizieren kann. Und sie geben mitunter ohne erhobenen Zeigefinger einen kritischen Blick auf die Welt. Nicht alle Texte haben diesen Tiefgang, aber immer wieder erkennt man den philosophiebelesenen und lebenserfahrenen Songschreiber. Beispiele: Wir paddeln in Pf\u00fctzen, Jeder Schlaf ein kleiner Tod.<\/p>\n\n\n\n<p><strong>Die Alben:<\/strong><br>Die Alben sind durchflutet von den Genres die J\u00fcrgens Stil zugrundeliegen, dies erm\u00f6glicht kurzweiliges Zuh\u00f6ren, da nicht jeder Titel gleich klingt. Die ersten beiden Alben SELFMADE (2002) und SOMETIMES (2004) sind noch nicht ausgereift, obwohl dort schon wahre musikalische Perlen zu finden sind. Auf dem dritten Album OUT OF THE DEEP (2009) hat J\u00fcrgen seinen Musikstil definitiv gefunden und erschafft nunmehr die weiteren Alben MITTENDRIN (2011) und LEBENSZEICHEN (2016). Sein musikalischer Output bewegt sich seitdem auf hohem Niveau mit stetiger k\u00fcnstlerischer Weiterentwicklung, dies zeigen ALIVE AND EASY (2019) und CATCH THE SUN (2022). <\/p>\n\n\n\n<p><strong>Der Gesang:<\/strong><br>Nun, J\u00fcrgen hat keine einzigartige herausragende Stimme, aber das nehme ich beim Zuh\u00f6ren gerne in Kauf, da mich die Gesamtatmosph\u00e4re der Lieder packt und mich das Feeling der Musik bewegt. Er ist authentisch, nicht aufgesetzt, nicht verk\u00fcnstelt. Es ist das selbe Ph\u00e4nomen wie etwa beim ehemaligen Genesis-Gitarristen Steve Hackett, der auf seinen Soloalben hin und wieder singt. Wie Steve ist auch J\u00fcrgen kein S\u00e4nger, der eine Begleitband hat, sondern ein Musiker der eben manchmal seine Texte singt.<\/p>\n\n\n\n<p><strong>Aufnahmetechnik:<\/strong><br>J\u00fcrgen spielt die Instrumente oft improvisiert ein, nicht jeder Ton ist vorgegeben, er entsteht beim Spielen. Dies hat er mit dem gro\u00dfen Neil Young gemeinsam, dessen Lieder deshalb manchmal unfertig wirken. Beiden geht es um das Einfangen des Moments, um das musikalische Feeling. Die Aufnahmetechnik klingt ein wenig wie aus den Siebzigern, mit wenig Komprimierung &#8211; das klingt nicht so kalt und unnahbar wie manch moderne digital optimierte Produktion. J\u00fcrgen ist auch damit in guter Gesellschaft, Lenny Kravitz zum Beispiel lie\u00df seine Musik auch wie aus den Siebzigern klingen und Nina Hagen hat die Songs ihres 2022 erschienenen Albums aufnahmetechnisch auch kaum komprimiert. Ungn\u00e4dige Stimmen sagen, das klingt &#8222;sehr nach Proberaum&#8220; (Eclipsed Nr 246, Dezember 2022, Seite 89). Ich finde eher, es ist k\u00fcnstlerische Freiheit und schafft einen sehr pers\u00f6nlichen Stil. Komprimierung kam mit mp3 auf, sie beschneidet Frequenzen und nimmt den Liedern Tiefe und Raum.<\/p>\n\n\n\n<p><a name=\"genre\"><\/a><strong>Genre-Zuordnung:<\/strong><br>Nur wenige Lieder lassen sich einem einzigen Genre zuordnen, einige wollen wir hier nennen. Es ist ein vorsichtiger Versuch ohne gesicherten Anspruch auf Richtigkeit (in Klammern das jeweilige Album):<br>&#8211; <strong>Progressive<\/strong>: <br>Running on (Mittendrin), Jeder Schlaf ein kleiner Tod (Mittendrin). Changes (Out of the deep), Crazy strings (Out of the deep), Sometimes (Sometimes), No matter of fate (Sometimes), Walking in circles (Sometimes), All my Friends (Selfmade), Still I\u2019ve got time (Selfmade)<br>&#8211; <strong>Blues:<\/strong> <br>Blues for two (Alive and easy), Promenade \u00e0 Paris (Catch the sun), Blue Sunday (Alive and easy), Keep Smiling Blues (Sometimes), Rather be glad (Lebenszeichen), Hasch da Blues (Lebenszeichen), Blueswing (Catch the sun)<br>&#8211; <strong>Rockiges:<\/strong> <br>I\u2019m alive (Alive and easy), Circus of live (Alive and easy), Power of soul (Alive and easy), F\u00fcsterton (Out of the deep), Jeden Morgen (Sometimes), Blind fate (Catch the sun), Hot summer night (Catch the sun), Midnight sun (Sometimes), Undercover lover (Mittendrin), Wann brech ich aus (Lebenszeichen)<br>&#8211; <strong>Leichte Balladen:<\/strong><br>For you (Lebenszeichen), Gedanken wie Blei (Out of the deep), Wenn die Sonne sich erhebt (Alive and easy), Without words (Sometimes), Stardust (Out of the deep)<br>&#8211; <strong>Jazziges:<\/strong> <br>Parfum de Jazz (Out of the deep), Manouche (Catch the sun), Wake up and feed the cat (Catch the sun), Schlafwandel (Mittendrin), Di-da-dub-da-do (Catch the sun), Immer so weiter (Alive and easy), Ich lass mich treiben (Catch the sun)<br>&#8211; <strong>Irisch:<\/strong> <br>Ballade von McMuffin (Lebenszeichen)<br>&#8211; <strong>Akustikgitarren:<\/strong> <br>Souvenir des Alpilles (Alive and easy), Snooze (Out oft he deep), Harry in a hurry (Out oft the deep), 5 vor 3 (Sometimes), A leaf is falling down (Selfmade), Immer so weiter (Alive and easy)<br>&#8211; <strong>Gesellschaftskritisches: <\/strong><br>Wir paddeln in Pf\u00fctzen (Lebenszeichen), Die Erde und der Mensch (Catch the sun), Krone der Sch\u00f6pfung (Catch the sun)<br><br><br>September 2023<\/p>\n","protected":false},"excerpt":{"rendered":"<p>Charakteristik der Musik:Was J\u00fcrgens Musik ausmacht ist zum einen sein Gitarrenspiel, das den Liedern Gef\u00fchl und Tiefe verleiht, das gilt f\u00fcr die gezupften Akustikgitarren ebenso wie f\u00fcr die Solo-Melodien der E-Gitarren. Zum anderen sind es die gelungenen Arrangements, die mit spannenden Wendungen immer wieder f\u00fcr \u00dcberraschungen sorgen \u2013 besonders bei den l\u00e4ngeren Liedern. Es ist &hellip; <\/p>\n<p class=\"link-more\"><a href=\"https:\/\/kopp-music.de\/?page_id=1303\" class=\"more-link\"><span class=\"screen-reader-text\">\u201eJ\u00fcrgens Musik auf den Punkt gebracht\u201c <\/span>weiterlesen<\/a><\/p>\n","protected":false},"author":1,"featured_media":0,"parent":0,"menu_order":0,"comment_status":"closed","ping_status":"closed","template":"","meta":{"footnotes":""},"class_list":["post-1303","page","type-page","status-publish","hentry"],"_links":{"self":[{"href":"https:\/\/kopp-music.de\/index.php?rest_route=\/wp\/v2\/pages\/1303","targetHints":{"allow":["GET"]}}],"collection":[{"href":"https:\/\/kopp-music.de\/index.php?rest_route=\/wp\/v2\/pages"}],"about":[{"href":"https:\/\/kopp-music.de\/index.php?rest_route=\/wp\/v2\/types\/page"}],"author":[{"embeddable":true,"href":"https:\/\/kopp-music.de\/index.php?rest_route=\/wp\/v2\/users\/1"}],"replies":[{"embeddable":true,"href":"https:\/\/kopp-music.de\/index.php?rest_route=%2Fwp%2Fv2%2Fcomments&post=1303"}],"version-history":[{"count":73,"href":"https:\/\/kopp-music.de\/index.php?rest_route=\/wp\/v2\/pages\/1303\/revisions"}],"predecessor-version":[{"id":2714,"href":"https:\/\/kopp-music.de\/index.php?rest_route=\/wp\/v2\/pages\/1303\/revisions\/2714"}],"wp:attachment":[{"href":"https:\/\/kopp-music.de\/index.php?rest_route=%2Fwp%2Fv2%2Fmedia&parent=1303"}],"curies":[{"name":"wp","href":"https:\/\/api.w.org\/{rel}","templated":true}]}}